{"id":10085,"date":"2025-10-20T18:22:54","date_gmt":"2025-10-20T16:22:54","guid":{"rendered":"https:\/\/asdt.eu\/?page_id=10085"},"modified":"2025-10-20T18:22:55","modified_gmt":"2025-10-20T16:22:55","slug":"politique-de-confidentialite","status":"publish","type":"page","link":"https:\/\/asdt.eu\/fr\/politica-privacidad\/","title":{"rendered":"Politique de confidentialit\u00e9"},"content":{"rendered":"<div class=\"wp-block-uagb-container uagb-block-bbc785c8 alignfull uagb-is-root-container\">\n<div class=\"wp-block-uagb-advanced-heading uagb-block-de6971d8\"><h1 class=\"uagb-heading-text\">Politique de confidentialit\u00e9<\/h1><\/div>\n<\/div>\n\n\n\n<div class=\"wp-block-uagb-container uagb-block-830d9ae4 alignfull uagb-is-root-container\"><div class=\"uagb-container-inner-blocks-wrap\">\n<p>Conform\u00e9ment aux principes de l\u00e9galit\u00e9, d'\u00e9quit\u00e9 et de transparence, nous vous pr\u00e9sentons cette politique de confidentialit\u00e9.<\/p>\n\n\n\n<div class=\"wp-block-uagb-advanced-heading uagb-block-1c2cbc1a\"><h2 class=\"uagb-heading-text\">1. qui est le responsable du traitement des donn\u00e9es ?<\/h2><\/div>\n\n\n\n<figure class=\"wp-block-table\"><table class=\"has-fixed-layout\"><tbody><tr><td>Responsable<\/td><td><strong>ASDT CORPORATION, S.L.U.<\/strong><\/td><\/tr><tr><td>FNI<\/td><td><strong>B13800743<\/strong><\/td><\/tr><tr><td>Si\u00e8ge social<\/td><td><strong>Pso. Castellana, NUM 123, ESC. DRCH, PISO 8, PTA. B, MADRID (28046), MADRID - ESPAGNE<\/strong><\/td><\/tr><tr><td>Adresse \u00e9lectronique<\/td><td><strong>info@asdt.eu<\/strong><\/td><\/tr><tr><td>T\u00e9l\u00e9phone<\/td><td><strong>919 430 311<\/strong><\/td><\/tr><tr><td>D\u00e9l\u00e9gu\u00e9 \u00e0 la protection des donn\u00e9es<\/td><td><strong>LOPD@ASDT.EU<\/strong><\/td><\/tr><\/tbody><\/table><\/figure>\n\n\n\n<div class=\"wp-block-uagb-advanced-heading uagb-block-25bbe150\"><h2 class=\"uagb-heading-text\">2. dans quel but traitons-nous vos donn\u00e9es \u00e0 caract\u00e8re personnel ?<\/h2><\/div>\n\n\n\n<p>Chez ASDT CORPORATION, S.L.U., en fonction de la cat\u00e9gorie d'int\u00e9ress\u00e9s, nous traitons les informations que vous nous fournissez aux fins suivantes :<\/p>\n\n\n\n<figure class=\"wp-block-table\"><table class=\"has-fixed-layout\"><thead><tr><th>Parties int\u00e9ress\u00e9es<\/th><th>Finalit\u00e9s du traitement<\/th><\/tr><\/thead><tbody><tr><td>Clients potentiels<\/td><td>G\u00e9rer la relation commerciale et\/ou professionnelle potentielle, g\u00e9rer l'envoi des informations demand\u00e9es et\/ou r\u00e9soudre les questions soulev\u00e9es, fournir des offres de nos services et\/ou produits susceptibles de vous int\u00e9resser.<\/td><\/tr><tr><td>Clients<\/td><td>Pour g\u00e9rer la relation commerciale et\/ou professionnelle, fournir des offres de nos services et\/ou produits qui vous int\u00e9ressent.<\/td><\/tr><tr><td>Fournisseurs<\/td><td>G\u00e9rer la relation commerciale et\/ou professionnelle.<\/td><\/tr><tr><td>Candidats<\/td><td>G\u00e9rer le processus de s\u00e9lection du personnel.<\/td><\/tr><tr><td>Utilisateurs du web<\/td><td>G\u00e9rer l'analyse de vos donn\u00e9es de navigation<\/td><\/tr><\/tbody><\/table><\/figure>\n\n\n\n<div class=\"wp-block-uagb-advanced-heading uagb-block-d9e09e78\"><h2 class=\"uagb-heading-text\">3. quelle est la l\u00e9gitimit\u00e9 du traitement de vos donn\u00e9es ? &nbsp;<\/h2><\/div>\n\n\n\n<p>La base juridique du traitement de vos donn\u00e9es personnelles peut \u00eatre, selon la cat\u00e9gorie de personnes concern\u00e9es, la suivante :<\/p>\n\n\n\n<figure class=\"wp-block-table\"><table class=\"has-fixed-layout\"><thead><tr><th>Parties int\u00e9ress\u00e9es<\/th><th>Base de l\u00e9gitimit\u00e9 (article 6 du GDPR)<\/th><\/tr><\/thead><tbody><tr><td>Clients potentiels<\/td><td>Art. 6.1.b GDPR : application, \u00e0 la demande de la personne concern\u00e9e, de mesures pr\u00e9contractuelles (devis, bons de commande, offres de services, etc.).<br>Art. 6.1.f RGPD : Int\u00e9r\u00eat l\u00e9gitime (envoi des informations demand\u00e9es, r\u00e9ponse aux questions pos\u00e9es...).<br>Art. 6.1.a RGPD : consentement de la personne concern\u00e9e (offre de nos services et\/ou produits).<\/td><\/tr><tr><td>Clients<\/td><td>Art. 6.1.b GDPR : ex\u00e9cution d'un contrat auquel la personne concern\u00e9e est partie.<\/td><\/tr><tr><td>Fournisseurs<\/td><td>Art. 6.1.b GDPR : ex\u00e9cution d'un contrat auquel la personne concern\u00e9e est partie.<\/td><\/tr><tr><td>Candidats<\/td><td>Art. 6.1.a RGPD : consentement de la personne concern\u00e9e elle-m\u00eame.<\/td><\/tr><tr><td>Utilisateurs du web<\/td><td>Art. 6.1.a RGPD : consentement de la personne concern\u00e9e elle-m\u00eame.<\/td><\/tr><\/tbody><\/table><\/figure>\n\n\n\n<p>Les donn\u00e9es que nous vous demandons sont ad\u00e9quates, pertinentes et strictement n\u00e9cessaires et vous n'\u00eates pas oblig\u00e9 de les fournir, mais le fait de ne pas les fournir peut affecter la finalit\u00e9 du service ou l'impossibilit\u00e9 de le fournir.<\/p>\n\n\n\n<div class=\"wp-block-uagb-advanced-heading uagb-block-a82d9ff9\"><h2 class=\"uagb-heading-text\">4. combien de temps conserverons-nous vos donn\u00e9es personnelles ? &nbsp;<\/h2><\/div>\n\n\n\n<p>Vos donn\u00e9es seront conserv\u00e9es pendant la dur\u00e9e minimale n\u00e9cessaire \u00e0 la fourniture correcte du service offert ainsi qu'au respect des responsabilit\u00e9s qui peuvent en d\u00e9couler et de toute autre exigence l\u00e9gale.<\/p>\n\n\n\n<div class=\"wp-block-uagb-advanced-heading uagb-block-fe5ebde6\"><h2 class=\"uagb-heading-text\">5. \u00e0 quels destinataires vos donn\u00e9es seront-elles communiqu\u00e9es ? &nbsp;<\/h2><\/div>\n\n\n\n<p>ASDT CORPORATION, S.L.U., afin de fournir correctement ses services, peut communiquer vos donn\u00e9es \u00e0 des tiers qui offrent des services juridiques, ainsi qu'\u00e0 ceux qui sont n\u00e9cessaires pour r\u00e9aliser des audits.<\/p>\n\n\n\n<p>En outre, nous vous informons que certaines informations peuvent \u00eatre communiqu\u00e9es \u00e0 :<\/p>\n\n\n\n<ul class=\"wp-block-list\">\n<li>Les banques et les institutions financi\u00e8res pour le recouvrement de services contractuels et\/ou de produits achet\u00e9s.<\/li>\n\n\n\n<li>Les administrations publiques comp\u00e9tentes dans les secteurs dans lesquels ASDT CORPORATION, S.L. op\u00e8re, lorsque la l\u00e9gislation en vigueur le pr\u00e9voit.<\/li>\n<\/ul>\n\n\n\n<div class=\"wp-block-uagb-advanced-heading uagb-block-a515be3a\"><h2 class=\"uagb-heading-text\">6. les donn\u00e9es sont-elles transf\u00e9r\u00e9es au niveau international ?<\/h2><\/div>\n\n\n\n<p>ASDT CORPORATION, S.L.U. peut utiliser ce site web pour effectuer des transferts internationaux de donn\u00e9es d\u00e9riv\u00e9es de l'acceptation de cookies :<\/p>\n\n\n\n<p>Google Llc et Google Ireland Limited transf\u00e8rent des donn\u00e9es aux \u00c9tats-Unis sur la base du consentement de l'utilisateur \u00e0 l'acceptation des cookies.<\/p>\n\n\n\n<p>En acceptant les cookies de ces entit\u00e9s, l'utilisateur consent au transfert des donn\u00e9es personnelles qui peuvent \u00eatre collect\u00e9es par le chargement et la lecture des cookies vers les \u00c9tats-Unis, un pays qui offre un niveau de protection comparable au niveau europ\u00e9en, uniquement dans les entreprises am\u00e9ricaines incluses dans la liste de confidentialit\u00e9 des donn\u00e9es UE-\u00c9tats-Unis, dans ce que l'on appelle le \u201ccadre de confidentialit\u00e9 des donn\u00e9es\u201d (ci-apr\u00e8s, \u201cDPF\u201d). Si les entreprises am\u00e9ricaines n'adh\u00e8rent pas au DPF, il est entendu qu'elles ne garantissent pas un niveau de protection comparable au niveau europ\u00e9en.<\/p>\n\n\n\n<p>Si l'utilisateur ne consent pas \u00e0 ce transfert international de donn\u00e9es vers les \u00c9tats-Unis, il doit rejeter ces cookies et les fonctionnalit\u00e9s ou services offerts avec ces cookies ne seront pas fournis ou obtenus.<\/p>\n\n\n\n<p>Vous pouvez vous renseigner sur les transferts vers des pays tiers, le cas \u00e9ch\u00e9ant, effectu\u00e9s par les tiers identifi\u00e9s dans la politique en mati\u00e8re de cookies dans leurs politiques correspondantes.<\/p>\n\n\n\n<p>ASDT CORPORATION, S.L.U. effectue \u00e9galement des transferts internationaux de donn\u00e9es dans la mesure o\u00f9 elle utilise les services de Google Llc et de Microsoft LLC pour la sauvegarde et l'archivage dans le nuage, tous deux membres du DPF susmentionn\u00e9.<\/p>\n\n\n\n<div class=\"wp-block-uagb-advanced-heading uagb-block-b33a9c38\"><h2 class=\"uagb-heading-text\">7. quels sont vos droits lorsque vous nous fournissez vos donn\u00e9es ?<\/h2><\/div>\n\n\n\n<p>Les droits de protection des donn\u00e9es que les personnes concern\u00e9es peuvent exercer, le cas \u00e9ch\u00e9ant, sont les suivants :<\/p>\n\n\n\n<figure class=\"wp-block-table\"><table class=\"has-fixed-layout\"><thead><tr><th>Droit<\/th><th>En quoi consiste-t-il ?<\/th><\/tr><\/thead><tbody><tr><td>Droit d'acc\u00e8s<\/td><td>Demander au responsable du traitement de ne pas traiter vos donn\u00e9es personnelles \u00e0 certaines fins sp\u00e9cifiques. Plus d'informations, <a href=\"https:\/\/www.aepd.es\/es\/derechos-y-deberes\/conoce-tus-derechos\/derecho-de-oposicion\" target=\"_blank\" rel=\"noopener\">ici<\/a>.&nbsp;<\/td><\/tr><tr><td>Droit de rectification<\/td><td>Demander au responsable du traitement de ne pas traiter vos donn\u00e9es personnelles \u00e0 certaines fins sp\u00e9cifiques. Plus d'informations, <a href=\"https:\/\/www.aepd.es\/es\/derechos-y-deberes\/conoce-tus-derechos\/derecho-de-oposicion\" target=\"_blank\" rel=\"noopener\">ici<\/a>.&nbsp;<\/td><\/tr><tr><td>Droit d'opposition<\/td><td>Demander au responsable du traitement de ne pas traiter vos donn\u00e9es personnelles \u00e0 certaines fins sp\u00e9cifiques. Plus d'informations, <a href=\"https:\/\/www.aepd.es\/es\/derechos-y-deberes\/conoce-tus-derechos\/derecho-de-oposicion\" target=\"_blank\" rel=\"noopener\">ici<\/a>.&nbsp;<\/td><\/tr><tr><td>Droit de suppression<\/td><td>Demander au contr\u00f4leur de supprimer vos donn\u00e9es personnelles. Pour plus d'informations, <a href=\"https:\/\/www.aepd.es\/es\/derechos-y-deberes\/conoce-tus-derechos\/derecho-de-supresion-al-olvido\" target=\"_blank\" rel=\"noopener\">ici<\/a>.<\/td><\/tr><tr><td>Droit de prescription<\/td><td>Demander au contr\u00f4leur de limiter le traitement de vos donn\u00e9es personnelles. Pour plus d'informations, <a href=\"https:\/\/www.aepd.es\/es\/derechos-y-deberes\/conoce-tus-derechos\/derecho-la-limitacion-del-tratamiento\" target=\"_blank\" rel=\"noopener\">ici<\/a>.<\/td><\/tr><tr><td>Droit \u00e0 la portabilit\u00e9<\/td><td>Lorsque le traitement est effectu\u00e9 par des moyens automatis\u00e9s, vous recevez vos donn\u00e9es \u00e0 caract\u00e8re personnel dans un format structur\u00e9, couramment utilis\u00e9, lisible par machine et interop\u00e9rable, et vous pouvez les transmettre \u00e0 un autre responsable du traitement. Pour plus d'informations, <a href=\"https:\/\/www.aepd.es\/es\/derechos-y-deberes\/conoce-tus-derechos\/derecho-la-portabilidad\" target=\"_blank\" rel=\"noopener\">ici<\/a>.<\/td><\/tr><tr><td>Le droit de ne pas faire l'objet de d\u00e9cisions individuelles automatis\u00e9es.<\/td><td>Ce droit vise \u00e0 garantir que vous ne fassiez pas l'objet d'une d\u00e9cision fond\u00e9e uniquement sur le traitement de vos donn\u00e9es, y compris le profilage, qui produise des effets juridiques \u00e0 votre \u00e9gard ou qui vous affecte de mani\u00e8re significative de fa\u00e7on similaire. Pour plus d'informations, <a href=\"https:\/\/www.aepd.es\/es\/derechos-y-deberes\/conoce-tus-derechos\/derecho-no-ser-objeto-de-decisiones-individuales\" target=\"_blank\" rel=\"noopener\">ici<\/a>.<\/td><\/tr><tr><td>Droit de d\u00e9poser une plainte aupr\u00e8s de l'autorit\u00e9 comp\u00e9tente<\/td><td>d\u00e9poser une plainte contre le contr\u00f4leur des donn\u00e9es aupr\u00e8s de l'Agence espagnole de protection des donn\u00e9es (AEPD) si l'utilisateur consid\u00e8re que l'entit\u00e9 a trait\u00e9 ses donn\u00e9es personnelles en violation de la r\u00e9glementation.<\/td><\/tr><\/tbody><\/table><\/figure>\n\n\n\n<p>Les propri\u00e9taires des donn\u00e9es personnelles obtenues peuvent exercer leurs droits de protection des donn\u00e9es personnelles en \u00e9crivant au si\u00e8ge social d'ASDT CORPORATION, S.L.U., Pso. Castellana, NUM 123, ESC. DRCH, PISO 8, PTA. B, MADRID (28046), MADRID - SPAIN ou \u00e0 l'adresse \u00e9lectronique pr\u00e9vue \u00e0 cet effet : LOPD@ASDT.EU.<\/p>\n\n\n\n<p>Vous pouvez utiliser les mod\u00e8les suivants pour effectuer vos exercices de droits :<\/p>\n\n\n\n<ul class=\"wp-block-list\">\n<li><a href=\"https:\/\/www.aepd.es\/es\/documento\/formulario-derecho-de-acceso.pdf\" target=\"_blank\" rel=\"noopener\">Acc\u00e8s au mod\u00e8le pour l'exercice du droit d'acc\u00e8s<\/a>.<\/li>\n<\/ul>\n\n\n\n<ul class=\"wp-block-list\">\n<li><a href=\"https:\/\/www.aepd.es\/es\/documento\/formulario-derecho-de-rectificacion.pdf\" target=\"_blank\" rel=\"noopener\">Acc\u00e8s au formulaire pour l'exercice du droit de rectification<\/a>.<\/li>\n<\/ul>\n\n\n\n<ul class=\"wp-block-list\">\n<li><a href=\"https:\/\/www.aepd.es\/es\/documento\/formulario-derecho-de-supresion.pdf\" target=\"_blank\" rel=\"noopener\">Acc\u00e8s au formulaire d'exercice du droit \u00e0 l'effacement<\/a>.<\/li>\n<\/ul>\n\n\n\n<ul class=\"wp-block-list\">\n<li><a href=\"https:\/\/www.aepd.es\/es\/documento\/formulario-derecho-de-oposicion.pdf\" target=\"_blank\" rel=\"noopener\">Acc\u00e8s au formulaire d'exercice du droit d'opposition<\/a>.<\/li>\n<\/ul>\n\n\n\n<ul class=\"wp-block-list\">\n<li><a href=\"https:\/\/www.aepd.es\/es\/documento\/formulario-derecho-de-limitacion.pdf\" target=\"_blank\" rel=\"noopener\">Acc\u00e8s au formulaire d'exercice du droit \u00e0 la limitation du traitement des donn\u00e9es personnelles<\/a>.<\/li>\n<\/ul>\n\n\n\n<ul class=\"wp-block-list\">\n<li><a href=\"https:\/\/www.aepd.es\/es\/documento\/formulario-derecho-de-portabilidad.pdf\" target=\"_blank\" rel=\"noopener\">Acc\u00e8s au formulaire d'exercice du droit \u00e0 la portabilit\u00e9<\/a>.<\/li>\n<\/ul>\n\n\n\n<ul class=\"wp-block-list\">\n<li><a href=\"https:\/\/www.aepd.es\/es\/documento\/formulario-derecho-de-oposicion-decisiones-automatizadas.pdf\" target=\"_blank\" rel=\"noopener\">Acc\u00e8s au mod\u00e8le pour l'exercice du droit de ne pas faire l'objet de d\u00e9cisions individuelles automatis\u00e9es<\/a>.<\/li>\n<\/ul>\n\n\n\n<p>De plus amples informations sur l'exercice des droits sont disponibles sur le site officiel de l'Agence espagnole de protection des donn\u00e9es (ci-apr\u00e8s \u201cAEPD\u201d) \u00e0 l'adresse suivante <a href=\"https:\/\/www.aepd.es\/es\/derechos-y-deberes\/conoce-tus-derechos\" target=\"_blank\" rel=\"noopener\">lien suivant<\/a>.<\/p>\n\n\n\n<div class=\"wp-block-uagb-advanced-heading uagb-block-f8f92084\"><h2 class=\"uagb-heading-text\">8. puis-je retirer mon consentement ?<\/h2><\/div>\n\n\n\n<p>Vous avez la possibilit\u00e9 et le droit de retirer votre consentement pour toute finalit\u00e9 sp\u00e9cifique donn\u00e9e \u00e0 ce moment-l\u00e0, sans que cela n'affecte la l\u00e9galit\u00e9 du traitement fond\u00e9 sur le consentement avant son retrait.<\/p>\n\n\n\n<div class=\"wp-block-uagb-advanced-heading uagb-block-ace418d1\"><h2 class=\"uagb-heading-text\">9. o\u00f9 puis-je me plaindre si j'estime que mes donn\u00e9es ne sont pas trait\u00e9es correctement ?<\/h2><\/div>\n\n\n\n<p>Si une personne concern\u00e9e consid\u00e8re que ses donn\u00e9es ne sont pas trait\u00e9es correctement par ASDT CORPORATION, S.L.U. ou que les demandes d'exercice de ses droits n'ont pas \u00e9t\u00e9 trait\u00e9es de mani\u00e8re satisfaisante, elle peut introduire une r\u00e9clamation aupr\u00e8s de l'autorit\u00e9 de protection des donn\u00e9es correspondante, l'Agence espagnole de protection des donn\u00e9es (AEPD) \u00e9tant celle indiqu\u00e9e en Espagne. Plus d'informations sur son site web : <a href=\"http:\/\/www.aepd.es\" target=\"_blank\" rel=\"noopener\">www.aepd.es<\/a>.<\/p>\n\n\n\n<div class=\"wp-block-uagb-advanced-heading uagb-block-fb8ede2f\"><h2 class=\"uagb-heading-text\">10. S\u00e9curit\u00e9 et mise \u00e0 jour de vos donn\u00e9es personnelles.<\/h2><\/div>\n\n\n\n<p>Afin de garantir la s\u00e9curit\u00e9 de vos donn\u00e9es personnelles, nous vous informons que nous avons adopt\u00e9 toutes les mesures techniques et organisationnelles n\u00e9cessaires pour garantir la s\u00e9curit\u00e9 des donn\u00e9es personnelles fournies. Tout cela pour \u00e9viter leur alt\u00e9ration, perte et\/ou traitement ou acc\u00e8s non autoris\u00e9, comme l'exige la loi, bien que la s\u00e9curit\u00e9 absolue n'existe pas.<\/p>\n\n\n\n<p>Pour que nous puissions tenir vos donn\u00e9es personnelles \u00e0 jour, il est important que vous nous informiez de toute modification de vos donn\u00e9es personnelles.<\/p>\n\n\n\n<div class=\"wp-block-uagb-advanced-heading uagb-block-a6787baa\"><h2 class=\"uagb-heading-text\">11. Confidentialit\u00e9.<\/h2><\/div>\n\n\n\n<p>ASDT CORPORATION, S.L.U. vous informe que vos donn\u00e9es seront trait\u00e9es avec le plus grand soin et la plus grande confidentialit\u00e9 par tout le personnel impliqu\u00e9 dans les diff\u00e9rentes \u00e9tapes du traitement. Nous ne c\u00e9derons ni ne communiquerons vos donn\u00e9es \u00e0 aucun tiers, sauf dans les cas pr\u00e9vus par la loi ou si l'int\u00e9ress\u00e9 nous a express\u00e9ment autoris\u00e9s \u00e0 le faire.<\/p>\n\n\n\n<p>Date et version : 17\/10\/2025 - Version 1<\/p>\n<\/div><\/div>","protected":false},"excerpt":{"rendered":"<p>Pol\u00edtica de privacidad Siguiendo los principios de licitud, lealtad y transparencia, ponemos a su disposici\u00f3n la presente Pol\u00edtica de Privacidad. 1. \u00bfQui\u00e9n es el responsable del tratamiento de sus datos? Responsable ASDT CORPORATION, S.L.U NIF B13800743 Domicilio social Pso. Castellana, NUM 123, ESC. DRCH, PISO 8, PTA. B, MADRID (28046), MADRID &#8211; ESPA\u00d1A Correo electr\u00f3nico [&hellip;]<\/p>\n","protected":false},"author":4,"featured_media":0,"parent":0,"menu_order":0,"comment_status":"closed","ping_status":"closed","template":"","meta":{"_uag_custom_page_level_css":"","site-sidebar-layout":"default","site-content-layout":"","ast-site-content-layout":"full-width-container","site-content-style":"default","site-sidebar-style":"default","ast-global-header-display":"","ast-banner-title-visibility":"","ast-main-header-display":"","ast-hfb-above-header-display":"","ast-hfb-below-header-display":"","ast-hfb-mobile-header-display":"","site-post-title":"disabled","ast-breadcrumbs-content":"","ast-featured-img":"","footer-sml-layout":"","ast-disable-related-posts":"","theme-transparent-header-meta":"","adv-header-id-meta":"","stick-header-meta":"","header-above-stick-meta":"","header-main-stick-meta":"","header-below-stick-meta":"","astra-migrate-meta-layouts":"set","ast-page-background-enabled":"default","ast-page-background-meta":{"desktop":{"background-color":"","background-image":"","background-repeat":"repeat","background-position":"center center","background-size":"auto","background-attachment":"scroll","background-type":"","background-media":"","overlay-type":"","overlay-color":"","overlay-opacity":"","overlay-gradient":""},"tablet":{"background-color":"","background-image":"","background-repeat":"repeat","background-position":"center center","background-size":"auto","background-attachment":"scroll","background-type":"","background-media":"","overlay-type":"","overlay-color":"","overlay-opacity":"","overlay-gradient":""},"mobile":{"background-color":"","background-image":"","background-repeat":"repeat","background-position":"center center","background-size":"auto","background-attachment":"scroll","background-type":"","background-media":"","overlay-type":"","overlay-color":"","overlay-opacity":"","overlay-gradient":""}},"ast-content-background-meta":{"desktop":{"background-color":"var(--ast-global-color-5)","background-image":"","background-repeat":"repeat","background-position":"center center","background-size":"auto","background-attachment":"scroll","background-type":"","background-media":"","overlay-type":"","overlay-color":"","overlay-opacity":"","overlay-gradient":""},"tablet":{"background-color":"var(--ast-global-color-5)","background-image":"","background-repeat":"repeat","background-position":"center center","background-size":"auto","background-attachment":"scroll","background-type":"","background-media":"","overlay-type":"","overlay-color":"","overlay-opacity":"","overlay-gradient":""},"mobile":{"background-color":"var(--ast-global-color-5)","background-image":"","background-repeat":"repeat","background-position":"center center","background-size":"auto","background-attachment":"scroll","background-type":"","background-media":"","overlay-type":"","overlay-color":"","overlay-opacity":"","overlay-gradient":""}},"_jet_sm_ready_style":"","_jet_sm_style":"","_jet_sm_controls_values":"","_jet_sm_fonts_collection":"","_jet_sm_fonts_links":"","footnotes":""},"class_list":["post-10085","page","type-page","status-publish","hentry"],"uagb_featured_image_src":{"full":false,"thumbnail":false,"medium":false,"medium_large":false,"large":false,"1536x1536":false,"2048x2048":false,"trp-custom-language-flag":false},"uagb_author_info":{"display_name":"marrods25","author_link":"https:\/\/asdt.eu\/fr\/author\/marrods25\/"},"uagb_comment_info":0,"uagb_excerpt":"Pol\u00edtica de privacidad Siguiendo los principios de licitud, lealtad y transparencia, ponemos a su disposici\u00f3n la presente Pol\u00edtica de Privacidad. 1. \u00bfQui\u00e9n es el responsable del tratamiento de sus datos? Responsable ASDT CORPORATION, S.L.U NIF B13800743 Domicilio social Pso. Castellana, NUM 123, ESC. DRCH, PISO 8, PTA. B, MADRID (28046), MADRID &#8211; ESPA\u00d1A Correo electr\u00f3nico\u2026","_links":{"self":[{"href":"https:\/\/asdt.eu\/fr\/wp-json\/wp\/v2\/pages\/10085","targetHints":{"allow":["GET"]}}],"collection":[{"href":"https:\/\/asdt.eu\/fr\/wp-json\/wp\/v2\/pages"}],"about":[{"href":"https:\/\/asdt.eu\/fr\/wp-json\/wp\/v2\/types\/page"}],"author":[{"embeddable":true,"href":"https:\/\/asdt.eu\/fr\/wp-json\/wp\/v2\/users\/4"}],"replies":[{"embeddable":true,"href":"https:\/\/asdt.eu\/fr\/wp-json\/wp\/v2\/comments?post=10085"}],"version-history":[{"count":6,"href":"https:\/\/asdt.eu\/fr\/wp-json\/wp\/v2\/pages\/10085\/revisions"}],"predecessor-version":[{"id":10091,"href":"https:\/\/asdt.eu\/fr\/wp-json\/wp\/v2\/pages\/10085\/revisions\/10091"}],"wp:attachment":[{"href":"https:\/\/asdt.eu\/fr\/wp-json\/wp\/v2\/media?parent=10085"}],"curies":[{"name":"wp","href":"https:\/\/api.w.org\/{rel}","templated":true}]}}