{"id":10049,"date":"2025-10-17T12:48:33","date_gmt":"2025-10-17T10:48:33","guid":{"rendered":"https:\/\/asdt.eu\/?page_id=10049"},"modified":"2025-10-20T17:55:48","modified_gmt":"2025-10-20T15:55:48","slug":"avis-juridique","status":"publish","type":"page","link":"https:\/\/asdt.eu\/fr\/aviso-legal\/","title":{"rendered":"Avis juridique"},"content":{"rendered":"<div class=\"wp-block-uagb-container uagb-block-bbc785c8 alignfull uagb-is-root-container\">\n<div class=\"wp-block-uagb-advanced-heading uagb-block-de6971d8\"><h1 class=\"uagb-heading-text\">Avis juridique<\/h1><\/div>\n<\/div>\n\n\n\n<div class=\"wp-block-uagb-container uagb-block-830d9ae4 alignfull uagb-is-root-container\"><div class=\"uagb-container-inner-blocks-wrap\">\n<div class=\"wp-block-uagb-advanced-heading uagb-block-1c2cbc1a\"><h2 class=\"uagb-heading-text\">Introduction.<\/h2><\/div>\n\n\n\n<p>Les pr\u00e9sentes CONDITIONS D'UTILISATION DU SITE WEB r\u00e9gissent les conditions d'acc\u00e8s et d'utilisation du site https:\/\/asdt.eu\/, ci-apr\u00e8s d\u00e9nomm\u00e9 \u201cle site\".\u201c<strong>Site web<\/strong>\u201dpropri\u00e9t\u00e9 d'ASDT CORPORATION, S.L.U., dont le si\u00e8ge social est situ\u00e9 \u00e0 PSO. CASTELLANA, NUM 123, ESC. DRCH, PISO 8, PTA. B, MADRID (28046), MADRID - SPAIN et avec NIF B13800743, que l'utilisateur du site Web doit lire et accepter pour pouvoir utiliser tous les services et informations fournis par le site Web.<\/p>\n\n\n\n<p>L'utilisateur et ASDT CORPORATION, S.L.U., propri\u00e9taire du site Web, peuvent \u00eatre d\u00e9sign\u00e9s conjointement comme les parties.<\/p>\n\n\n\n<p>Le simple fait d'acc\u00e9der ou d'utiliser le site web, tout ou partie de son contenu et de ses services signifie que l'on accepte pleinement les pr\u00e9sentes conditions d'utilisation. La mise \u00e0 disposition et l'utilisation du site web sont subordonn\u00e9es au strict respect des conditions \u00e9nonc\u00e9es dans les pr\u00e9sentes conditions d'utilisation du site web.<\/p>\n\n\n\n<div class=\"wp-block-uagb-advanced-heading uagb-block-5b1cd3a0\"><h2 class=\"uagb-heading-text\">2. les conditions d'utilisation.<\/h2><\/div>\n\n\n\n<p>Les pr\u00e9sentes conditions d'utilisation du site web, ci-apr\u00e8s d\u00e9nomm\u00e9es \u201cconditions d'utilisation\".\u201c<strong>CONDITIONS D'UTILISATION DU SITE WEB<\/strong>\u201dLes pr\u00e9sents termes et conditions r\u00e9gissent l'acc\u00e8s et l'utilisation du site web, y compris les contenus et services mis \u00e0 la disposition des utilisateurs sur et\/ou par le biais du site web, que ce soit par ASDT CORPORATION, S.L.U., ses utilisateurs ou tout autre tiers. Toutefois, l'acc\u00e8s et l'utilisation de certains contenus et\/ou services peuvent \u00eatre soumis \u00e0 certaines conditions sp\u00e9cifiques.<\/p>\n\n\n\n<div class=\"wp-block-uagb-advanced-heading uagb-block-f4c91bd9\"><h2 class=\"uagb-heading-text\">3. les amendements.<\/h2><\/div>\n\n\n\n<p>ASDT CORPORATION, S.L.U. se r\u00e9serve le droit de modifier \u00e0 tout moment les pr\u00e9sentes conditions d'utilisation du site. Dans tous les cas, il est recommand\u00e9 de les consulter p\u00e9riodiquement, car elles peuvent \u00eatre modifi\u00e9es.<\/p>\n\n\n\n<div class=\"wp-block-uagb-advanced-heading uagb-block-8c5b733d\"><h2 class=\"uagb-heading-text\">4. Information et services.<\/h2><\/div>\n\n\n\n<p>Les utilisateurs peuvent acc\u00e9der \u00e0 diff\u00e9rents types d'informations et de services par le biais du site Web. ASDT CORPORATION, S.L.U. se r\u00e9serve le droit de modifier la pr\u00e9sentation et la configuration des informations et des services offerts sur le site Web \u00e0 tout moment et sans pr\u00e9avis. L'utilisateur reconna\u00eet et accepte express\u00e9ment qu'ASDT CORPORATION, S.L.U. puisse interrompre, d\u00e9sactiver et\/ou annuler toute information ou service \u00e0 tout moment. ASDT CORPORATION, S.L.U. s'efforcera de garantir la disponibilit\u00e9 et l'accessibilit\u00e9 du site web. Cependant, pour des raisons de maintenance, de mise \u00e0 jour, de changement de localisation, etc., l'acc\u00e8s au site peut \u00eatre interrompu.<\/p>\n\n\n\n<div class=\"wp-block-uagb-advanced-heading uagb-block-7538ddca\"><h2 class=\"uagb-heading-text\">5. Disponibilit\u00e9 des informations et des services du site web.<\/h2><\/div>\n\n\n\n<p>ASDT CORPORATION, S.L.U. ne garantit pas la disponibilit\u00e9 continue et permanente de ses services, et est donc exon\u00e9r\u00e9e de toute responsabilit\u00e9 pour les \u00e9ventuels dommages caus\u00e9s suite au manque de disponibilit\u00e9 du service pour cause de force majeure ou d'erreurs dans les r\u00e9seaux de transfert de donn\u00e9es, ind\u00e9pendantes de sa volont\u00e9, ou pour cause de d\u00e9connexions caus\u00e9es par des travaux d'am\u00e9lioration ou de maintenance des syst\u00e8mes et des \u00e9quipements informatiques.<\/p>\n\n\n\n<p>Dans ces cas, ASDT CORPORATION, S.L.U. fera tout son possible pour r\u00e9tablir la pleine disponibilit\u00e9 des services, ainsi que pour notifier toute indisponibilit\u00e9 possible des services. ASDT CORPORATION, S.L.U. n'est pas responsable de l'interruption, de la suspension ou de l'arr\u00eat des informations ou des services. De m\u00eame, ASDT CORPORATION, S.L.U. n'est pas responsable des \u00e9ventuelles omissions, pertes d'informations, de donn\u00e9es, de configurations, d'acc\u00e8s inappropri\u00e9s ou de violations de la confidentialit\u00e9 caus\u00e9s par des probl\u00e8mes techniques, des communications ou des omissions humaines, caus\u00e9s par des tiers ou non imputables \u00e0 ASDT CORPORATION, S.L.U. Elle n'est pas non plus responsable des dommages caus\u00e9s par des attaques informatiques ou des virus affectant les programmes informatiques, les syst\u00e8mes de communication ou les \u00e9quipements utilis\u00e9s par ASDT CORPORATION, S.L.U., mais fabriqu\u00e9s ou fournis par des tiers.<\/p>\n\n\n\n<p>ASDT CORPORATION, S.L.U. peut, \u00e0 sa seule discr\u00e9tion, refuser, retirer, suspendre et\/ou bloquer l'acc\u00e8s aux informations et aux services \u00e0 tout moment et sans pr\u00e9avis aux utilisateurs qui ne respectent pas ces r\u00e8gles.<\/p>\n\n\n\n<div class=\"wp-block-uagb-advanced-heading uagb-block-72580a96\"><h2 class=\"uagb-heading-text\">6. Responsabilit\u00e9 du site web.<\/h2><\/div>\n\n\n\n<p>Sauf dans les cas o\u00f9 la loi stipule express\u00e9ment le contraire, et seulement dans la mesure o\u00f9 elle le fait, ASDT CORPORATION, S.L.U. ne garantit ni n'assume aucune responsabilit\u00e9 pour les dommages \u00e9ventuels caus\u00e9s par l'utilisation des informations, des donn\u00e9es et des services du site Web.<\/p>\n\n\n\n<p>Dans tous les cas, ASDT CORPORATION, S.L.U. est exclue de toute responsabilit\u00e9 pour les dommages qui pourraient \u00eatre dus \u00e0 l'information et\/ou aux services fournis par des tiers autres que ASDT CORPORATION, S.L.U. Toute responsabilit\u00e9 sera celle du tiers, qu'il s'agisse d'un fournisseur ou d'un collaborateur.<\/p>\n\n\n\n<div class=\"wp-block-uagb-advanced-heading uagb-block-6d99454f\"><h2 class=\"uagb-heading-text\">7. Obligations de l'utilisateur.<\/h2><\/div>\n\n\n\n<p>L'utilisateur doit \u00e0 tout moment respecter les pr\u00e9sentes conditions d'utilisation du site web. L'utilisateur d\u00e9clare express\u00e9ment qu'il utilisera le site web avec diligence et assume toute responsabilit\u00e9 pouvant d\u00e9couler du non-respect des r\u00e8gles.<\/p>\n\n\n\n<p>L'utilisateur s'engage, dans les cas o\u00f9 des donn\u00e9es ou des informations sont demand\u00e9es, \u00e0 ne pas fausser son identit\u00e9 en usurpant celle d'une autre personne. L'utilisateur accepte que l'utilisation du site web soit faite \u00e0 des fins strictement personnelles, priv\u00e9es et particuli\u00e8res. L'utilisateur ne peut utiliser le site web pour des activit\u00e9s contraires \u00e0 la loi, \u00e0 la morale et \u00e0 l'ordre public, ou \u00e0 des fins interdites ou qui violent ou enfreignent les droits de tiers.<\/p>\n\n\n\n<p>De m\u00eame, la diffusion, le stockage et\/ou la gestion de donn\u00e9es ou de contenus qui portent atteinte aux droits de tiers ou \u00e0 toute r\u00e9glementation relative aux droits de propri\u00e9t\u00e9 intellectuelle ou industrielle sont interdits.<\/p>\n\n\n\n<p>Vous ne pouvez pas utiliser le site web pour transmettre, stocker, diffuser, promouvoir ou distribuer des donn\u00e9es ou du contenu contenant des virus ou tout autre code informatique, fichier ou programme con\u00e7u pour interrompre, d\u00e9truire ou alt\u00e9rer le fonctionnement d'un ordinateur ou d'un \u00e9quipement de t\u00e9l\u00e9communication ou d'un logiciel.<\/p>\n\n\n\n<p>L'utilisateur s'engage \u00e0 indemniser ASDT CORPORATION, S.L.U. de tout dommage, pr\u00e9judice, sanction, amende, p\u00e9nalit\u00e9 ou indemnit\u00e9 auquel ASDT CORPORATION, S.L.U. pourrait devoir faire face en cons\u00e9quence du non-respect par l'utilisateur des obligations contenues dans le pr\u00e9sent document.<\/p>\n\n\n\n<div class=\"wp-block-uagb-advanced-heading uagb-block-b647385b\"><h2 class=\"uagb-heading-text\">8. Donn\u00e9es personnelles.<\/h2><\/div>\n\n\n\n<p>Les informations ou donn\u00e9es personnelles fournies par l'utilisateur seront trait\u00e9es conform\u00e9ment aux dispositions de la politique de confidentialit\u00e9 incluse dans ce site Web.<\/p>\n\n\n\n<div class=\"wp-block-uagb-advanced-heading uagb-block-3b383150\"><h2 class=\"uagb-heading-text\">9. Liens vers d'autres sites web.<\/h2><\/div>\n\n\n\n<p>ASDT CORPORATION, S.L.U. ne garantit ni n'assume aucun type de responsabilit\u00e9 pour les dommages ou les pertes subis \u00e0 la suite de l'acc\u00e8s \u00e0 des services de tiers par le biais de connexions, de liens ou de liens sur les sites li\u00e9s, ni pour l'exactitude ou la fiabilit\u00e9 de ces derniers. La fonction des liens qui apparaissent est exclusivement d'informer le client de l'existence d'autres sources d'information sur Internet, o\u00f9 il peut d\u00e9velopper les services offerts par le portail. ASDT CORPORATION, S.L.U. ne sera en aucun cas responsable des r\u00e9sultats obtenus \u00e0 travers ces liens ou des cons\u00e9quences de leur acc\u00e8s. Ces services de tiers sont fournis par des tiers et ASDT CORPORATION, S.L.U. ne peut pas et ne contr\u00f4le pas la l\u00e9galit\u00e9 ou la qualit\u00e9 de ces services. Par cons\u00e9quent, le client doit faire preuve d'une extr\u00eame prudence lors de l'\u00e9valuation et de l'utilisation des informations et des services contenus dans les contenus de tiers.<\/p>\n\n\n\n<div class=\"wp-block-uagb-advanced-heading uagb-block-9c8a77af\"><h2 class=\"uagb-heading-text\">10. Propri\u00e9t\u00e9 intellectuelle et industrielle.<\/h2><\/div>\n\n\n\n<p class=\"has-ast-global-color-2-color has-text-color has-link-color wp-elements-a561ef708b3aacea4a5fbe7e9067e5cb\"><a>Tous les contenus, marques, logos, dessins, documentation, programmes informatiques ou tout autre \u00e9l\u00e9ment susceptible d'\u00eatre prot\u00e9g\u00e9 par la l\u00e9gislation sur la propri\u00e9t\u00e9 intellectuelle ou industrielle, qui sont accessibles sur le site Web, correspondent exclusivement \u00e0 ASDT CORPORATION, S.L.U. ou \u00e0 leurs propri\u00e9taires l\u00e9gitimes, et tous les droits y aff\u00e9rents sont express\u00e9ment r\u00e9serv\u00e9s. Il est express\u00e9ment interdit de cr\u00e9er des liens hypertextes vers toute partie du site web sans l'autorisation d'ASDT CORPORATION, S.L.U., \u00e0 condition qu'ils ne renvoient pas \u00e0 une section du site web dont l'acc\u00e8s ne requiert pas d'identification ou d'authentification, ou dont l'acc\u00e8s est restreint.<\/a><\/p>\n\n\n\n<p>Dans tous les cas, ASDT CORPORATION, S.L.U. se r\u00e9serve tous les droits sur les contenus, les informations, les donn\u00e9es et les services qu'elle d\u00e9tient. ASDT CORPORATION, S.L.U. ne conc\u00e8de aux utilisateurs aucune licence ou autorisation d'utilisation de ses contenus, donn\u00e9es ou services autres que celles express\u00e9ment d\u00e9taill\u00e9es dans les pr\u00e9sentes conditions d'utilisation du site web.<\/p>\n\n\n\n<div class=\"wp-block-uagb-advanced-heading uagb-block-34ac45c9\"><h2 class=\"uagb-heading-text\">11. Droit applicable, juridiction comp\u00e9tente et notifications.<\/h2><\/div>\n\n\n\n<p>Les pr\u00e9sentes conditions d'utilisation du site web sont r\u00e9gies et interpr\u00e9t\u00e9es conform\u00e9ment aux lois espagnoles. Les cours et tribunaux d'Espagne sont comp\u00e9tents pour toute r\u00e9clamation. Toutes les notifications, demandes, requ\u00eates et autres communications que l'utilisateur souhaite adresser \u00e0 ASDT CORPORATION, S.L.U, propri\u00e9taire de ce site Web, doivent \u00eatre faites par \u00e9crit et seront consid\u00e9r\u00e9es comme ayant \u00e9t\u00e9 faites correctement lorsqu'elles auront \u00e9t\u00e9 re\u00e7ues \u00e0 l'adresse suivante : info@asdt.eu.<\/p>\n\n\n\n<p>Date et version : 17\/10\/2025 - Version 1<\/p>\n<\/div><\/div>","protected":false},"excerpt":{"rendered":"<p>Aviso legal 1. Introducci\u00f3n. Los presentes TERMINOS Y CONDICIONES DE USO DEL SITIO WEB, regulan los t\u00e9rminos y condiciones de acceso y uso de https:\/\/asdt.eu\/, en adelante el \u201cSitio Web\u201d, propiedad de ASDT CORPORATION, S.L.U, con domicilio en PSO. CASTELLANA, NUM 123, ESC. DRCH, PISO 8, PTA. B, MADRID (28046), MADRID &#8211; ESPA\u00d1A y con [&hellip;]<\/p>\n","protected":false},"author":4,"featured_media":0,"parent":0,"menu_order":0,"comment_status":"closed","ping_status":"closed","template":"","meta":{"_uag_custom_page_level_css":"","site-sidebar-layout":"default","site-content-layout":"","ast-site-content-layout":"full-width-container","site-content-style":"default","site-sidebar-style":"default","ast-global-header-display":"","ast-banner-title-visibility":"","ast-main-header-display":"","ast-hfb-above-header-display":"","ast-hfb-below-header-display":"","ast-hfb-mobile-header-display":"","site-post-title":"disabled","ast-breadcrumbs-content":"","ast-featured-img":"","footer-sml-layout":"","ast-disable-related-posts":"","theme-transparent-header-meta":"","adv-header-id-meta":"","stick-header-meta":"","header-above-stick-meta":"","header-main-stick-meta":"","header-below-stick-meta":"","astra-migrate-meta-layouts":"set","ast-page-background-enabled":"default","ast-page-background-meta":{"desktop":{"background-color":"","background-image":"","background-repeat":"repeat","background-position":"center center","background-size":"auto","background-attachment":"scroll","background-type":"","background-media":"","overlay-type":"","overlay-color":"","overlay-opacity":"","overlay-gradient":""},"tablet":{"background-color":"","background-image":"","background-repeat":"repeat","background-position":"center center","background-size":"auto","background-attachment":"scroll","background-type":"","background-media":"","overlay-type":"","overlay-color":"","overlay-opacity":"","overlay-gradient":""},"mobile":{"background-color":"","background-image":"","background-repeat":"repeat","background-position":"center center","background-size":"auto","background-attachment":"scroll","background-type":"","background-media":"","overlay-type":"","overlay-color":"","overlay-opacity":"","overlay-gradient":""}},"ast-content-background-meta":{"desktop":{"background-color":"var(--ast-global-color-5)","background-image":"","background-repeat":"repeat","background-position":"center center","background-size":"auto","background-attachment":"scroll","background-type":"","background-media":"","overlay-type":"","overlay-color":"","overlay-opacity":"","overlay-gradient":""},"tablet":{"background-color":"var(--ast-global-color-5)","background-image":"","background-repeat":"repeat","background-position":"center center","background-size":"auto","background-attachment":"scroll","background-type":"","background-media":"","overlay-type":"","overlay-color":"","overlay-opacity":"","overlay-gradient":""},"mobile":{"background-color":"var(--ast-global-color-5)","background-image":"","background-repeat":"repeat","background-position":"center center","background-size":"auto","background-attachment":"scroll","background-type":"","background-media":"","overlay-type":"","overlay-color":"","overlay-opacity":"","overlay-gradient":""}},"_jet_sm_ready_style":"","_jet_sm_style":"","_jet_sm_controls_values":"","_jet_sm_fonts_collection":"","_jet_sm_fonts_links":"","footnotes":""},"class_list":["post-10049","page","type-page","status-publish","hentry"],"uagb_featured_image_src":{"full":false,"thumbnail":false,"medium":false,"medium_large":false,"large":false,"1536x1536":false,"2048x2048":false,"trp-custom-language-flag":false},"uagb_author_info":{"display_name":"marrods25","author_link":"https:\/\/asdt.eu\/fr\/author\/marrods25\/"},"uagb_comment_info":0,"uagb_excerpt":"Aviso legal 1. Introducci\u00f3n. Los presentes TERMINOS Y CONDICIONES DE USO DEL SITIO WEB, regulan los t\u00e9rminos y condiciones de acceso y uso de https:\/\/asdt.eu\/, en adelante el \u201cSitio Web\u201d, propiedad de ASDT CORPORATION, S.L.U, con domicilio en PSO. CASTELLANA, NUM 123, ESC. DRCH, PISO 8, PTA. B, MADRID (28046), MADRID &#8211; ESPA\u00d1A y con\u2026","_links":{"self":[{"href":"https:\/\/asdt.eu\/fr\/wp-json\/wp\/v2\/pages\/10049","targetHints":{"allow":["GET"]}}],"collection":[{"href":"https:\/\/asdt.eu\/fr\/wp-json\/wp\/v2\/pages"}],"about":[{"href":"https:\/\/asdt.eu\/fr\/wp-json\/wp\/v2\/types\/page"}],"author":[{"embeddable":true,"href":"https:\/\/asdt.eu\/fr\/wp-json\/wp\/v2\/users\/4"}],"replies":[{"embeddable":true,"href":"https:\/\/asdt.eu\/fr\/wp-json\/wp\/v2\/comments?post=10049"}],"version-history":[{"count":16,"href":"https:\/\/asdt.eu\/fr\/wp-json\/wp\/v2\/pages\/10049\/revisions"}],"predecessor-version":[{"id":10083,"href":"https:\/\/asdt.eu\/fr\/wp-json\/wp\/v2\/pages\/10049\/revisions\/10083"}],"wp:attachment":[{"href":"https:\/\/asdt.eu\/fr\/wp-json\/wp\/v2\/media?parent=10049"}],"curies":[{"name":"wp","href":"https:\/\/api.w.org\/{rel}","templated":true}]}}