{"id":528,"date":"2025-04-24T01:04:30","date_gmt":"2025-04-23T23:04:30","guid":{"rendered":"https:\/\/asdt.eu\/about\/"},"modified":"2025-08-27T16:39:13","modified_gmt":"2025-08-27T14:39:13","slug":"about-us","status":"publish","type":"page","link":"https:\/\/asdt.eu\/en\/nosotros\/","title":{"rendered":"About Us"},"content":{"rendered":"<div class=\"wp-block-uagb-container uagb-block-b041a188 alignfull uagb-is-root-container\"><div class=\"uagb-container-inner-blocks-wrap\">\n<div data-aos= \"fade-left\" data-aos-duration=\"400\" data-aos-delay=\"0\" data-aos-easing=\"ease\" data-aos-once=\"true\" class=\"wp-block-uagb-container uagb-block-87fb4bce\">\n<div class=\"wp-block-uagb-container uagb-block-dbfd4d51\">\n<div class=\"wp-block-uagb-advanced-heading uagb-block-70d5e94c\"><h1 class=\"uagb-heading-text\"><strong>Who we are<\/strong><\/h1><\/div>\n\n\n\n<div class=\"wp-block-uagb-advanced-heading uagb-block-de0a5d2a\"><h2 class=\"uagb-heading-text\">ASDT, a Spanish company with more than a decade of in-house anti-drone systems, combines engineering, R&amp;D and operational experience to offer robust, tailor-made solutions.<\/h2><\/div>\n<\/div>\n\n\n\n<div class=\"wp-block-uagb-buttons uagb-buttons__outer-wrap uagb-btn__default-btn uagb-btn-tablet__default-btn uagb-btn-mobile__default-btn uagb-block-c3869bb0\"><div class=\"uagb-buttons__wrap uagb-buttons-layout-wrap\">\n<div class=\"wp-block-uagb-buttons-child uagb-buttons__outer-wrap uagb-block-473c1771 wp-block-button\"><div class=\"uagb-button__wrapper\"><a class=\"uagb-buttons-repeater wp-block-button__link\" aria-label=\"\" href=\"#contact\" rel=\"follow noopener\" target=\"_self\" role=\"button\"><div class=\"uagb-button__link\">CONSULT Our solutions<\/div><\/a><\/div><\/div>\n<\/div><\/div>\n<\/div>\n<\/div><\/div>\n\n\n\n<div class=\"wp-block-uagb-container uagb-block-c65c9b17 alignfull uagb-is-root-container\">\n<div data-aos= \"fade-right\" data-aos-duration=\"400\" data-aos-delay=\"0\" data-aos-easing=\"ease\" data-aos-once=\"true\" class=\"wp-block-uagb-advanced-heading uagb-block-cad411ed heading-section\"><h2 class=\"uagb-heading-text\">Our objective<\/h2><\/div>\n\n\n\n<div class=\"wp-block-uagb-container cont-como-protege uagb-block-b9ca7d6e\">\n<div class=\"wp-block-uagb-container uagb-block-13d41726\">\n<div class=\"wp-block-uagb-image uagb-block-764ea9ea wp-block-uagb-image--layout-default wp-block-uagb-image--effect-static wp-block-uagb-image--align-none\"><figure class=\"wp-block-uagb-image__figure\"><img decoding=\"async\" srcset=\"https:\/\/asdt.eu\/wp-content\/uploads\/2025\/08\/asdt-nosotros-tecnologia-propia-1024x1024.webp ,https:\/\/asdt.eu\/wp-content\/uploads\/2025\/08\/asdt-nosotros-tecnologia-propia.webp 780w, https:\/\/asdt.eu\/wp-content\/uploads\/2025\/08\/asdt-nosotros-tecnologia-propia.webp 360w\" sizes=\"auto, (max-width: 480px) 150px\" src=\"https:\/\/asdt.eu\/wp-content\/uploads\/2025\/08\/asdt-nosotros-tecnologia-propia-1024x1024.webp\" alt=\"We manufacture our systems entirely.\" class=\"uag-image-9068\" width=\"1024\" height=\"1024\" title=\"asdt-we-own-technology\" loading=\"lazy\" role=\"img\"\/><\/figure><\/div>\n\n\n\n<div class=\"wp-block-uagb-info-box uagb-block-00c6a1bf uagb-infobox__content-wrap  uagb-infobox-icon-above-title uagb-infobox-image-valign-top protege-item\"><div class=\"uagb-ifb-content\"><div class=\"uagb-ifb-title-wrap\"><h3 class=\"uagb-ifb-title\">Proprietary technology<\/h3><\/div><p class=\"uagb-ifb-desc\">We manufacture our systems entirely, controlling the entire life cycle and complying with the following certifications<br>ISO 9001 and ISO 14001.<\/p><\/div><\/div>\n<\/div>\n\n\n\n<div class=\"wp-block-uagb-container uagb-block-83ce997b\">\n<div class=\"wp-block-uagb-image uagb-block-4d270765 wp-block-uagb-image--layout-default wp-block-uagb-image--effect-static wp-block-uagb-image--align-none\"><figure class=\"wp-block-uagb-image__figure\"><img decoding=\"async\" srcset=\"https:\/\/asdt.eu\/wp-content\/uploads\/2025\/08\/asdt-nosotros-Presencia-estrategica-1024x1024.webp ,https:\/\/asdt.eu\/wp-content\/uploads\/2025\/08\/asdt-nosotros-Presencia-estrategica.webp 780w, https:\/\/asdt.eu\/wp-content\/uploads\/2025\/08\/asdt-nosotros-Presencia-estrategica.webp 360w\" sizes=\"auto, (max-width: 480px) 150px\" src=\"https:\/\/asdt.eu\/wp-content\/uploads\/2025\/08\/asdt-nosotros-Presencia-estrategica-1024x1024.webp\" alt=\"ASDT in multinational companies and governmental organisations.\" class=\"uag-image-9431\" width=\"1024\" height=\"1024\" title=\"asdt-we-we-Strategic-Presence\" loading=\"lazy\" role=\"img\"\/><\/figure><\/div>\n\n\n\n<div class=\"wp-block-uagb-info-box uagb-block-73e47b67 uagb-infobox__content-wrap  uagb-infobox-icon-above-title uagb-infobox-image-valign-top protege-item\"><div class=\"uagb-ifb-content\"><div class=\"uagb-ifb-title-wrap\"><h3 class=\"uagb-ifb-title\"><strong>Strategic presence<\/strong><\/h3><\/div><p class=\"uagb-ifb-desc\">ASDT with the SENDES ecosystem serves multinational companies and governmental organisations at the highest level.<\/p><\/div><\/div>\n<\/div>\n\n\n\n<div class=\"wp-block-uagb-container uagb-block-c950aec8\">\n<div class=\"wp-block-uagb-image uagb-block-225e1e44 wp-block-uagb-image--layout-default wp-block-uagb-image--effect-static wp-block-uagb-image--align-none\"><figure class=\"wp-block-uagb-image__figure\"><img decoding=\"async\" srcset=\"https:\/\/asdt.eu\/wp-content\/uploads\/2025\/08\/asdt-nosotros-Alianzas-colaboracion-1024x1024.webp ,https:\/\/asdt.eu\/wp-content\/uploads\/2025\/08\/asdt-nosotros-Alianzas-colaboracion.webp 780w, https:\/\/asdt.eu\/wp-content\/uploads\/2025\/08\/asdt-nosotros-Alianzas-colaboracion.webp 360w\" sizes=\"auto, (max-width: 480px) 150px\" src=\"https:\/\/asdt.eu\/wp-content\/uploads\/2025\/08\/asdt-nosotros-Alianzas-colaboracion-1024x1024.webp\" alt=\"Our technology is integrated with command and control platforms.\" class=\"uag-image-9430\" width=\"1024\" height=\"1024\" title=\"asdt-we-alliances-collaboration\" loading=\"lazy\" role=\"img\"\/><\/figure><\/div>\n\n\n\n<div class=\"wp-block-uagb-info-box uagb-block-c3cfbf92 uagb-infobox__content-wrap  uagb-infobox-icon-above-title uagb-infobox-image-valign-top protege-item\"><div class=\"uagb-ifb-content\"><div class=\"uagb-ifb-title-wrap\"><h3 class=\"uagb-ifb-title\"><strong>Partnerships and collaboration<\/strong><\/h3><\/div><p class=\"uagb-ifb-desc\">Our technology integrates with command and control platforms<br>and, together with key partners, enables <br>efficient and interoperable deployments.<\/p><\/div><\/div>\n<\/div>\n<\/div>\n\n\n\n<div class=\"wp-block-uagb-buttons uagb-buttons__outer-wrap uagb-btn__medium-btn uagb-btn-tablet__default-btn uagb-btn-mobile__default-btn uagb-block-05284309\"><div class=\"uagb-buttons__wrap uagb-buttons-layout-wrap\">\n<div class=\"wp-block-uagb-buttons-child uagb-buttons__outer-wrap uagb-block-b5b89910 wp-block-button\"><div class=\"uagb-button__wrapper\"><a class=\"uagb-buttons-repeater wp-block-button__link\" aria-label=\"\" href=\"#contact\" rel=\"follow noopener\" target=\"_self\" role=\"button\"><div class=\"uagb-button__link\">consult our solutions<\/div><\/a><\/div><\/div>\n<\/div><\/div>\n<\/div>\n\n\n\n<div class=\"wp-block-uagb-container uagb-block-099a4ec9 alignfull uagb-is-root-container\">\n<div class=\"wp-block-uagb-container uagb-block-70cec9ce\">\n<div data-aos= \"fade-right\" data-aos-duration=\"400\" data-aos-delay=\"0\" data-aos-easing=\"ease\" data-aos-once=\"true\" class=\"wp-block-uagb-advanced-heading uagb-block-2713dcd6\"><h2 class=\"uagb-heading-text\"><strong>Our <\/strong>team<\/h2><\/div>\n\n\n\n<p class=\"has-text-align-center has-ast-global-color-4-color has-text-color has-link-color wp-elements-c67600366a571cb82b153618d8a5f7c5\">We have a team made up of <strong>engineers, technical specialists, security professionals and operational experts<\/strong>.<br>Our culture is geared towards commitment, continuous improvement and mission-critical excellence.<\/p>\n<\/div>\n\n\n\n<div class=\"wp-block-uagb-buttons uagb-buttons__outer-wrap uagb-btn__medium-btn uagb-btn-tablet__default-btn uagb-btn-mobile__default-btn uagb-block-d86b32ce\"><div class=\"uagb-buttons__wrap uagb-buttons-layout-wrap\">\n<div class=\"wp-block-uagb-buttons-child uagb-buttons__outer-wrap uagb-block-69e5649f wp-block-button\"><div class=\"uagb-button__wrapper\"><a class=\"uagb-buttons-repeater wp-block-button__link\" aria-label=\"\" href=\"#contact\" rel=\"follow noopener\" target=\"_self\" role=\"button\"><div class=\"uagb-button__link\">Talk to an expert<\/div><\/a><\/div><\/div>\n<\/div><\/div>\n<\/div>\n\n\n\n<div class=\"wp-block-uagb-container uagb-block-bcb5611f alignfull uagb-is-root-container\">\n<div class=\"wp-block-uagb-container uagb-block-19b1594c alignfull uagb-is-root-container\"><div class=\"uagb-container-inner-blocks-wrap\">\n<section class=\"wp-block-uagb-container uagb-block-290311e0 alignfull uagb-is-root-container\">\n<div class=\"wp-block-uagb-container uagb-block-7c3f9155 alignfull uagb-is-root-container\">\n<div class=\"wp-block-uagb-container uagb-block-a86a9d95 alignfull uagb-is-root-container\">\n<div class=\"wp-block-uagb-container uagb-block-c3418959 default uagb-is-root-container\">\n<div data-aos= \"fade-right\" data-aos-duration=\"400\" data-aos-delay=\"0\" data-aos-easing=\"ease\" data-aos-once=\"true\" class=\"wp-block-uagb-advanced-heading uagb-block-31da15cb\"><h2 class=\"uagb-heading-text\">Milestones unpacked<\/h2><\/div>\n\n\n\n<div class=\"wp-block-uagb-content-timeline uagb-timeline__outer-wrap uagb-block-1fff9e49 uagb-timeline__content-wrap uagb-timeline__center-block  uagb-timeline__arrow-top uagb-timeline\">\n<article class=\"wp-block-uagb-content-timeline-child uagb-timeline__field uagb-timeline-child-44321533 uagb-timeline__right\"><div class=\"uagb-timeline__marker out-view-uagb-timeline__icon\"><svg xmlns=\"https:\/\/www.w3.org\/2000\/svg\" viewbox=\"0 0 512 512\"><path d=\"M0 256C0 114.6 114.6 0 256 0C397.4 0 512 114.6 512 256C512 397.4 397.4 512 256 512C114.6 512 0 397.4 0 256zM256 352C309 352 352 309 352 256C352 202.1 309 160 256 160C202.1 160 160 202.1 160 256C160 309 202.1 352 256 352z\"><\/path><\/svg><\/div><div class=\"uagb-timeline__day-new uagb-timeline__day-right uagb-timeline__events-inner-new\"><div class=\"uagb-timeline__events-inner--content\"><div class=\"uagb-timeline__date-hide uagb-timeline__inner-date-new\">2015<\/div><h3 class=\"uagb-timeline__heading\">Founding of ASDT and development of the first SENDES prototype<\/h3><p class=\"uagb-timeline-desc-content\"><\/p><div class=\"uagb-timeline__arrow\"><\/div><\/div><\/div><div class=\"uagb-timeline__date-new\">2015<\/div><\/article>\n\n\n\n<article class=\"wp-block-uagb-content-timeline-child uagb-timeline__field uagb-timeline-child-6ed220d5 uagb-timeline__left\"><div class=\"uagb-timeline__marker out-view-uagb-timeline__icon\"><svg xmlns=\"https:\/\/www.w3.org\/2000\/svg\" viewbox=\"0 0 512 512\"><path d=\"M0 256C0 114.6 114.6 0 256 0C397.4 0 512 114.6 512 256C512 397.4 397.4 512 256 512C114.6 512 0 397.4 0 256zM256 352C309 352 352 309 352 256C352 202.1 309 160 256 160C202.1 160 160 202.1 160 256C160 309 202.1 352 256 352z\"><\/path><\/svg><\/div><div class=\"uagb-timeline__day-new uagb-timeline__day-left uagb-timeline__events-inner-new\"><div class=\"uagb-timeline__events-inner--content\"><div class=\"uagb-timeline__date-hide uagb-timeline__inner-date-new\">2016<\/div><h3 class=\"uagb-timeline__heading\">Pilot tests in critical facilities<\/h3><p class=\"uagb-timeline-desc-content\"><\/p><div class=\"uagb-timeline__arrow\"><\/div><\/div><\/div><div class=\"uagb-timeline__date-new\">2016<\/div><\/article>\n\n\n\n<article class=\"wp-block-uagb-content-timeline-child uagb-timeline__field uagb-timeline-child-136850b0 uagb-timeline__right\"><div class=\"uagb-timeline__marker out-view-uagb-timeline__icon\"><svg xmlns=\"https:\/\/www.w3.org\/2000\/svg\" viewbox=\"0 0 512 512\"><path d=\"M0 256C0 114.6 114.6 0 256 0C397.4 0 512 114.6 512 256C512 397.4 397.4 512 256 512C114.6 512 0 397.4 0 256zM256 352C309 352 352 309 352 256C352 202.1 309 160 256 160C202.1 160 160 202.1 160 256C160 309 202.1 352 256 352z\"><\/path><\/svg><\/div><div class=\"uagb-timeline__day-new uagb-timeline__day-right uagb-timeline__events-inner-new\"><div class=\"uagb-timeline__events-inner--content\"><div class=\"uagb-timeline__date-hide uagb-timeline__inner-date-new\">2017<\/div><h3 class=\"uagb-timeline__heading\">Evolution towards a modular ecosystem: Visualisation, Detection and Neutralisation<\/h3><p class=\"uagb-timeline-desc-content\"><\/p><div class=\"uagb-timeline__arrow\"><\/div><\/div><\/div><div class=\"uagb-timeline__date-new\">2017<\/div><\/article>\n\n\n\n<article class=\"wp-block-uagb-content-timeline-child uagb-timeline__field uagb-timeline-child-fd08017e uagb-timeline__left\"><div class=\"uagb-timeline__marker out-view-uagb-timeline__icon\"><svg xmlns=\"https:\/\/www.w3.org\/2000\/svg\" viewbox=\"0 0 512 512\"><path d=\"M0 256C0 114.6 114.6 0 256 0C397.4 0 512 114.6 512 256C512 397.4 397.4 512 256 512C114.6 512 0 397.4 0 256zM256 352C309 352 352 309 352 256C352 202.1 309 160 256 160C202.1 160 160 202.1 160 256C160 309 202.1 352 256 352z\"><\/path><\/svg><\/div><div class=\"uagb-timeline__day-new uagb-timeline__day-left uagb-timeline__events-inner-new\"><div class=\"uagb-timeline__events-inner--content\"><div class=\"uagb-timeline__date-hide uagb-timeline__inner-date-new\">2018<\/div><h3 class=\"uagb-timeline__heading\">Operational integration in <strong>public security, defence and VIP protection<\/strong><\/h3><p class=\"uagb-timeline-desc-content\"><\/p><div class=\"uagb-timeline__arrow\"><\/div><\/div><\/div><div class=\"uagb-timeline__date-new\">2018<\/div><\/article>\n\n\n\n<article class=\"wp-block-uagb-content-timeline-child uagb-timeline__field uagb-timeline-child-81739187 uagb-timeline__right\"><div class=\"uagb-timeline__marker out-view-uagb-timeline__icon\"><svg xmlns=\"https:\/\/www.w3.org\/2000\/svg\" viewbox=\"0 0 512 512\"><path d=\"M0 256C0 114.6 114.6 0 256 0C397.4 0 512 114.6 512 256C512 397.4 397.4 512 256 512C114.6 512 0 397.4 0 256zM256 352C309 352 352 309 352 256C352 202.1 309 160 256 160C202.1 160 160 202.1 160 256C160 309 202.1 352 256 352z\"><\/path><\/svg><\/div><div class=\"uagb-timeline__day-new uagb-timeline__day-right uagb-timeline__events-inner-new\"><div class=\"uagb-timeline__events-inner--content\"><div class=\"uagb-timeline__date-hide uagb-timeline__inner-date-new\">2019<\/div><h3 class=\"uagb-timeline__heading\">First strategic contracts and establishment of the SIGLO-CD platform<\/h3><p class=\"uagb-timeline-desc-content\"><\/p><div class=\"uagb-timeline__arrow\"><\/div><\/div><\/div><div class=\"uagb-timeline__date-new\">2019<\/div><\/article>\n\n\n\n<article class=\"wp-block-uagb-content-timeline-child uagb-timeline__field uagb-timeline-child-cf741309 uagb-timeline__left\"><div class=\"uagb-timeline__marker out-view-uagb-timeline__icon\"><svg xmlns=\"https:\/\/www.w3.org\/2000\/svg\" viewbox=\"0 0 512 512\"><path d=\"M0 256C0 114.6 114.6 0 256 0C397.4 0 512 114.6 512 256C512 397.4 397.4 512 256 512C114.6 512 0 397.4 0 256zM256 352C309 352 352 309 352 256C352 202.1 309 160 256 160C202.1 160 160 202.1 160 256C160 309 202.1 352 256 352z\"><\/path><\/svg><\/div><div class=\"uagb-timeline__day-new uagb-timeline__day-left uagb-timeline__events-inner-new\"><div class=\"uagb-timeline__events-inner--content\"><div class=\"uagb-timeline__date-hide uagb-timeline__inner-date-new\">2022<\/div><h3 class=\"uagb-timeline__heading\">Portable technology prototypes<\/h3><p class=\"uagb-timeline-desc-content\"><\/p><div class=\"uagb-timeline__arrow\"><\/div><\/div><\/div><div class=\"uagb-timeline__date-new\">2022<\/div><\/article>\n\n\n\n<article class=\"wp-block-uagb-content-timeline-child uagb-timeline__field uagb-timeline-child-eb259a0f uagb-timeline__right\"><div class=\"uagb-timeline__marker out-view-uagb-timeline__icon\"><svg xmlns=\"https:\/\/www.w3.org\/2000\/svg\" viewbox=\"0 0 512 512\"><path d=\"M0 256C0 114.6 114.6 0 256 0C397.4 0 512 114.6 512 256C512 397.4 397.4 512 256 512C114.6 512 0 397.4 0 256zM256 352C309 352 352 309 352 256C352 202.1 309 160 256 160C202.1 160 160 202.1 160 256C160 309 202.1 352 256 352z\"><\/path><\/svg><\/div><div class=\"uagb-timeline__day-new uagb-timeline__day-right uagb-timeline__events-inner-new\"><div class=\"uagb-timeline__events-inner--content\"><div class=\"uagb-timeline__date-hide uagb-timeline__inner-date-new\">2024<\/div><h3 class=\"uagb-timeline__heading\">ISO 9001 and ISO 14001 certification<\/h3><p class=\"uagb-timeline-desc-content\"><\/p><div class=\"uagb-timeline__arrow\"><\/div><\/div><\/div><div class=\"uagb-timeline__date-new\">2024<\/div><\/article>\n\n\n\n<article class=\"wp-block-uagb-content-timeline-child uagb-timeline__field uagb-timeline-child-5a162bd2 uagb-timeline__left\"><div class=\"uagb-timeline__marker out-view-uagb-timeline__icon\"><svg xmlns=\"https:\/\/www.w3.org\/2000\/svg\" viewbox=\"0 0 512 512\"><path d=\"M0 256C0 114.6 114.6 0 256 0C397.4 0 512 114.6 512 256C512 397.4 397.4 512 256 512C114.6 512 0 397.4 0 256zM256 352C309 352 352 309 352 256C352 202.1 309 160 256 160C202.1 160 160 202.1 160 256C160 309 202.1 352 256 352z\"><\/path><\/svg><\/div><div class=\"uagb-timeline__day-new uagb-timeline__day-left uagb-timeline__events-inner-new\"><div class=\"uagb-timeline__events-inner--content\"><div class=\"uagb-timeline__date-hide uagb-timeline__inner-date-new\">2025<\/div><h3 class=\"uagb-timeline__heading\">International expansion plan<\/h3><p class=\"uagb-timeline-desc-content\"><\/p><div class=\"uagb-timeline__arrow\"><\/div><\/div><\/div><div class=\"uagb-timeline__date-new\">2025<\/div><\/article>\n<div class=\"uagb-timeline__line\"><div class=\"uagb-timeline__line__inner\"><\/div><\/div><\/div>\n<\/div>\n<\/div>\n<\/div>\n<\/section>\n<\/div><\/div>\n<\/div>","protected":false},"excerpt":{"rendered":"<p>Qui\u00e9nes somos ASDT, empresa espa\u00f1ola con m\u00e1s de una d\u00e9cada en sistemas antidron propios, combina ingenier\u00eda, I+D y experiencia operativa para ofrecer soluciones robustas y a medida. Nuestro objetivo Nuestro equipo Contamos con un equipo formado por ingenieros, t\u00e9cnicos especialistas, profesionales de seguridad y expertos en operaciones.Nuestra cultura est\u00e1 orientada al compromiso, la mejora continua [&hellip;]<\/p>\n","protected":false},"author":4,"featured_media":0,"parent":0,"menu_order":0,"comment_status":"closed","ping_status":"closed","template":"","meta":{"_uag_custom_page_level_css":"","site-sidebar-layout":"no-sidebar","site-content-layout":"plain-container","ast-site-content-layout":"normal-width-container","site-content-style":"unboxed","site-sidebar-style":"unboxed","ast-global-header-display":"","ast-banner-title-visibility":"","ast-main-header-display":"","ast-hfb-above-header-display":"","ast-hfb-below-header-display":"","ast-hfb-mobile-header-display":"","site-post-title":"disabled","ast-breadcrumbs-content":"disabled","ast-featured-img":"disabled","footer-sml-layout":"","ast-disable-related-posts":"","theme-transparent-header-meta":"enabled","adv-header-id-meta":"","stick-header-meta":"","header-above-stick-meta":"","header-main-stick-meta":"","header-below-stick-meta":"","astra-migrate-meta-layouts":"set","ast-page-background-enabled":"default","ast-page-background-meta":{"desktop":{"background-color":"","background-image":"","background-repeat":"repeat","background-position":"center center","background-size":"auto","background-attachment":"scroll","background-type":"","background-media":"","overlay-type":"","overlay-color":"","overlay-opacity":"","overlay-gradient":""},"tablet":{"background-color":"","background-image":"","background-repeat":"repeat","background-position":"center center","background-size":"auto","background-attachment":"scroll","background-type":"","background-media":"","overlay-type":"","overlay-color":"","overlay-opacity":"","overlay-gradient":""},"mobile":{"background-color":"","background-image":"","background-repeat":"repeat","background-position":"center center","background-size":"auto","background-attachment":"scroll","background-type":"","background-media":"","overlay-type":"","overlay-color":"","overlay-opacity":"","overlay-gradient":""}},"ast-content-background-meta":{"desktop":{"background-color":"var(--ast-global-color-5)","background-image":"","background-repeat":"repeat","background-position":"center center","background-size":"auto","background-attachment":"scroll","background-type":"","background-media":"","overlay-type":"","overlay-color":"","overlay-opacity":"","overlay-gradient":""},"tablet":{"background-color":"var(--ast-global-color-5)","background-image":"","background-repeat":"repeat","background-position":"center center","background-size":"auto","background-attachment":"scroll","background-type":"","background-media":"","overlay-type":"","overlay-color":"","overlay-opacity":"","overlay-gradient":""},"mobile":{"background-color":"var(--ast-global-color-5)","background-image":"","background-repeat":"repeat","background-position":"center center","background-size":"auto","background-attachment":"scroll","background-type":"","background-media":"","overlay-type":"","overlay-color":"","overlay-opacity":"","overlay-gradient":""}},"_jet_sm_ready_style":"","_jet_sm_style":"","_jet_sm_controls_values":"","_jet_sm_fonts_collection":"","_jet_sm_fonts_links":"","footnotes":""},"class_list":["post-528","page","type-page","status-publish","hentry"],"uagb_featured_image_src":{"full":false,"thumbnail":false,"medium":false,"medium_large":false,"large":false,"1536x1536":false,"2048x2048":false,"trp-custom-language-flag":false},"uagb_author_info":{"display_name":"marrods25","author_link":"https:\/\/asdt.eu\/en\/author\/marrods25\/"},"uagb_comment_info":0,"uagb_excerpt":"Qui\u00e9nes somos ASDT, empresa espa\u00f1ola con m\u00e1s de una d\u00e9cada en sistemas antidron propios, combina ingenier\u00eda, I+D y experiencia operativa para ofrecer soluciones robustas y a medida. Nuestro objetivo Nuestro equipo Contamos con un equipo formado por ingenieros, t\u00e9cnicos especialistas, profesionales de seguridad y expertos en operaciones.Nuestra cultura est\u00e1 orientada al compromiso, la mejora continua&hellip;","_links":{"self":[{"href":"https:\/\/asdt.eu\/en\/wp-json\/wp\/v2\/pages\/528","targetHints":{"allow":["GET"]}}],"collection":[{"href":"https:\/\/asdt.eu\/en\/wp-json\/wp\/v2\/pages"}],"about":[{"href":"https:\/\/asdt.eu\/en\/wp-json\/wp\/v2\/types\/page"}],"author":[{"embeddable":true,"href":"https:\/\/asdt.eu\/en\/wp-json\/wp\/v2\/users\/4"}],"replies":[{"embeddable":true,"href":"https:\/\/asdt.eu\/en\/wp-json\/wp\/v2\/comments?post=528"}],"version-history":[{"count":192,"href":"https:\/\/asdt.eu\/en\/wp-json\/wp\/v2\/pages\/528\/revisions"}],"predecessor-version":[{"id":9621,"href":"https:\/\/asdt.eu\/en\/wp-json\/wp\/v2\/pages\/528\/revisions\/9621"}],"wp:attachment":[{"href":"https:\/\/asdt.eu\/en\/wp-json\/wp\/v2\/media?parent=528"}],"curies":[{"name":"wp","href":"https:\/\/api.w.org\/{rel}","templated":true}]}}