{"id":10085,"date":"2025-10-20T18:22:54","date_gmt":"2025-10-20T16:22:54","guid":{"rendered":"https:\/\/asdt.eu\/?page_id=10085"},"modified":"2025-10-20T18:22:55","modified_gmt":"2025-10-20T16:22:55","slug":"privacy-policy","status":"publish","type":"page","link":"https:\/\/asdt.eu\/en\/politica-privacidad\/","title":{"rendered":"Privacy policy"},"content":{"rendered":"<div class=\"wp-block-uagb-container uagb-block-bbc785c8 alignfull uagb-is-root-container\">\n<div class=\"wp-block-uagb-advanced-heading uagb-block-de6971d8\"><h1 class=\"uagb-heading-text\">Privacy policy<\/h1><\/div>\n<\/div>\n\n\n\n<div class=\"wp-block-uagb-container uagb-block-830d9ae4 alignfull uagb-is-root-container\"><div class=\"uagb-container-inner-blocks-wrap\">\n<p>In accordance with the principles of legality, fairness and transparency, we provide you with this Privacy Policy.<\/p>\n\n\n\n<div class=\"wp-block-uagb-advanced-heading uagb-block-1c2cbc1a\"><h2 class=\"uagb-heading-text\">1. Who is the data controller?<\/h2><\/div>\n\n\n\n<figure class=\"wp-block-table\"><table class=\"has-fixed-layout\"><tbody><tr><td>Responsible<\/td><td><strong>ASDT CORPORATION, S.L.U.<\/strong><\/td><\/tr><tr><td>NIF<\/td><td><strong>B13800743<\/strong><\/td><\/tr><tr><td>Registered office<\/td><td><strong>Pso. Castellana, NUM 123, ESC. DRCH, PISO 8, PTA. B, MADRID (28046), MADRID - SPAIN<\/strong><\/td><\/tr><tr><td>E-mail address<\/td><td><strong>info@asdt.eu<\/strong><\/td><\/tr><tr><td>Telephone<\/td><td><strong>919 430 311<\/strong><\/td><\/tr><tr><td>Data Protection Officer<\/td><td><strong>LOPD@ASDT.EU<\/strong><\/td><\/tr><\/tbody><\/table><\/figure>\n\n\n\n<div class=\"wp-block-uagb-advanced-heading uagb-block-25bbe150\"><h2 class=\"uagb-heading-text\">2. For what purposes do we process your personal data?<\/h2><\/div>\n\n\n\n<p>At ASDT CORPORATION, S.L.U., depending on the category of interested party, we process the information you provide for the following purposes:<\/p>\n\n\n\n<figure class=\"wp-block-table\"><table class=\"has-fixed-layout\"><thead><tr><th>Interested parties<\/th><th>Purposes of processing<\/th><\/tr><\/thead><tbody><tr><td>Potential customers<\/td><td>Manage the potential commercial and\/or professional relationship, manage the sending of information requested and\/or resolve the queries raised, provide offers of our services and\/or products of interest to you.<\/td><\/tr><tr><td>Clients<\/td><td>To manage the commercial and\/or professional relationship, provide offers of our services and\/or products of interest to you.<\/td><\/tr><tr><td>Suppliers<\/td><td>Manage the commercial and\/or professional relationship.<\/td><\/tr><tr><td>Candidates<\/td><td>Manage the personnel selection process.<\/td><\/tr><tr><td>Web users<\/td><td>Manage the analysis of your browsing data<\/td><\/tr><\/tbody><\/table><\/figure>\n\n\n\n<div class=\"wp-block-uagb-advanced-heading uagb-block-d9e09e78\"><h2 class=\"uagb-heading-text\">3. What is the legitimacy for the processing of your data? &nbsp;<\/h2><\/div>\n\n\n\n<p>The legal basis for processing your personal data, depending on the category of data subject concerned, may be:<\/p>\n\n\n\n<figure class=\"wp-block-table\"><table class=\"has-fixed-layout\"><thead><tr><th>Interested parties<\/th><th>Basis of legitimacy (Article 6 of the GDPR)<\/th><\/tr><\/thead><tbody><tr><td>Potential customers<\/td><td>Art. 6.1.b GDPR: application, at the request of the data subject, of pre-contractual measures (estimates, order forms, service offers, etc.).<br>Art. 6.1.f RGPD: Legitimate interest (sending requested information, responding to queries raised...).<br>Art. 6.1.a RGPD: consent of the data subject (providing offers of our services and\/or products).<\/td><\/tr><tr><td>Clients<\/td><td>Art. 6.1.b GDPR: performance of a contract to which the data subject is a party.<\/td><\/tr><tr><td>Suppliers<\/td><td>Art. 6.1.b GDPR: performance of a contract to which the data subject is a party.<\/td><\/tr><tr><td>Candidates<\/td><td>Art. 6.1.a RGPD: consent of the data subject himself.<\/td><\/tr><tr><td>Web users<\/td><td>Art. 6.1.a RGPD: consent of the data subject himself.<\/td><\/tr><\/tbody><\/table><\/figure>\n\n\n\n<p>The data we request from you are adequate, relevant and strictly necessary and you are under no obligation to provide them, but failure to provide them may affect the purpose of the service or the impossibility of providing it.<\/p>\n\n\n\n<div class=\"wp-block-uagb-advanced-heading uagb-block-a82d9ff9\"><h2 class=\"uagb-heading-text\">4. How long will we keep your personal data? &nbsp;<\/h2><\/div>\n\n\n\n<p>Your data will be kept for the minimum time necessary for the correct provision of the service offered as well as to meet the responsibilities that may arise from the same and any other legal requirement.<\/p>\n\n\n\n<div class=\"wp-block-uagb-advanced-heading uagb-block-fe5ebde6\"><h2 class=\"uagb-heading-text\">5. To which recipients will your data be disclosed? &nbsp;<\/h2><\/div>\n\n\n\n<p>ASDT CORPORATION, S.L.U., in order to provide its services correctly, may communicate your data to third parties that offer legal services, as well as those necessary to carry out audits.<\/p>\n\n\n\n<p>In addition, we inform you that certain information may be communicated to:<\/p>\n\n\n\n<ul class=\"wp-block-list\">\n<li>Banks and financial institutions for the collection of contracted services and\/or purchased products.<\/li>\n\n\n\n<li>Public administrations with competence in the sectors in which ASDT CORPORATION, S.L. operates, when so established by current legislation.<\/li>\n<\/ul>\n\n\n\n<div class=\"wp-block-uagb-advanced-heading uagb-block-a515be3a\"><h2 class=\"uagb-heading-text\">6. Are data transferred internationally?<\/h2><\/div>\n\n\n\n<p>ASDT CORPORATION, S.L.U. may use this website to make international transfers of data derived from the acceptance of cookies:<\/p>\n\n\n\n<p>Google Llc and Google Ireland Limited transfer data to the United States based on the user's consent to accept cookies.<\/p>\n\n\n\n<p>By accepting cookies from these entities, the user consents to the transfer of personal data that may be collected through the loading and reading of cookies to the United States, a country that offers a level of protection comparable to the European level, only in those US companies included in the EU-US data privacy list, in the so-called \u201cData Privacy Framework\u201d (hereinafter, \u201cDPF\u201d). If US companies do not adhere to the DPF, it is understood that they do not guarantee a level of protection comparable to the European level.<\/p>\n\n\n\n<p>In the event that the user does not consent to this international transfer of data to the United States, the user must reject these cookies and the functionalities or services offered with these cookies will not be provided or obtained.<\/p>\n\n\n\n<p>You can find out about transfers to third countries, if any, made by the third parties identified in the cookies policy in their corresponding policies.<\/p>\n\n\n\n<p>ASDT CORPORATION, S.L.U. also carries out international data transfers insofar as it uses the services of Google Llc and Microsoft LLC for cloud backup and back-up, both of which are members of the aforementioned DPF.<\/p>\n\n\n\n<div class=\"wp-block-uagb-advanced-heading uagb-block-b33a9c38\"><h2 class=\"uagb-heading-text\">7. What are your rights when you provide us with your data?<\/h2><\/div>\n\n\n\n<p>The data protection rights that data subjects may exercise, where applicable, are:<\/p>\n\n\n\n<figure class=\"wp-block-table\"><table class=\"has-fixed-layout\"><thead><tr><th>Law<\/th><th>What does it consist of?<\/th><\/tr><\/thead><tbody><tr><td>Right of access<\/td><td>Request that the Data Controller does not process your personal data for certain specific purposes. More information, <a href=\"https:\/\/www.aepd.es\/es\/derechos-y-deberes\/conoce-tus-derechos\/derecho-de-oposicion\" target=\"_blank\" rel=\"noopener\">here<\/a>.&nbsp;<\/td><\/tr><tr><td>Right of rectification<\/td><td>Request that the Data Controller does not process your personal data for certain specific purposes. More information, <a href=\"https:\/\/www.aepd.es\/es\/derechos-y-deberes\/conoce-tus-derechos\/derecho-de-oposicion\" target=\"_blank\" rel=\"noopener\">here<\/a>.&nbsp;<\/td><\/tr><tr><td>Right to object<\/td><td>Request that the Data Controller does not process your personal data for certain specific purposes. More information, <a href=\"https:\/\/www.aepd.es\/es\/derechos-y-deberes\/conoce-tus-derechos\/derecho-de-oposicion\" target=\"_blank\" rel=\"noopener\">here<\/a>.&nbsp;<\/td><\/tr><tr><td>Right of suppression<\/td><td>Request that the Controller delete your personal data. More information, <a href=\"https:\/\/www.aepd.es\/es\/derechos-y-deberes\/conoce-tus-derechos\/derecho-de-supresion-al-olvido\" target=\"_blank\" rel=\"noopener\">here<\/a>.<\/td><\/tr><tr><td>Right of limitation<\/td><td>Request that the Controller restricts the processing of your personal data. More information, <a href=\"https:\/\/www.aepd.es\/es\/derechos-y-deberes\/conoce-tus-derechos\/derecho-la-limitacion-del-tratamiento\" target=\"_blank\" rel=\"noopener\">here<\/a>.<\/td><\/tr><tr><td>Right of portability<\/td><td>Where the processing is carried out by automated means, you receive your personal data in a structured, commonly used, machine-readable and interoperable format and you can transmit it to another controller. Further information, <a href=\"https:\/\/www.aepd.es\/es\/derechos-y-deberes\/conoce-tus-derechos\/derecho-la-portabilidad\" target=\"_blank\" rel=\"noopener\">here<\/a>.<\/td><\/tr><tr><td>The right not to be subject to automated individual decisions.<\/td><td>This right aims to ensure that you are not subject to a decision based solely on the processing of your data, including profiling, which produces legal effects on you or similarly significantly affects you. More information, <a href=\"https:\/\/www.aepd.es\/es\/derechos-y-deberes\/conoce-tus-derechos\/derecho-no-ser-objeto-de-decisiones-individuales\" target=\"_blank\" rel=\"noopener\">here<\/a>.<\/td><\/tr><tr><td>Right to lodge a complaint with the competent authority<\/td><td>File a complaint against the Data Controller with the Spanish Data Protection Agency (AEPD) if the User considers that the entity has processed his\/her personal data in breach of the regulations.<\/td><\/tr><\/tbody><\/table><\/figure>\n\n\n\n<p>The owners of the personal data obtained may exercise their personal data protection rights by writing to the registered office of ASDT CORPORATION, S.L.U. at Pso. Castellana, NUM 123, ESC. DRCH, PISO 8, PTA. B, MADRID (28046), MADRID - SPAIN or to the e-mail address provided for this purpose: LOPD@ASDT.EU.<\/p>\n\n\n\n<p>You can use the following templates to carry out your rights exercises:<\/p>\n\n\n\n<ul class=\"wp-block-list\">\n<li><a href=\"https:\/\/www.aepd.es\/es\/documento\/formulario-derecho-de-acceso.pdf\" target=\"_blank\" rel=\"noopener\">Access to the model for exercising the right of access<\/a>.<\/li>\n<\/ul>\n\n\n\n<ul class=\"wp-block-list\">\n<li><a href=\"https:\/\/www.aepd.es\/es\/documento\/formulario-derecho-de-rectificacion.pdf\" target=\"_blank\" rel=\"noopener\">Access to the form for exercising the right of rectification<\/a>.<\/li>\n<\/ul>\n\n\n\n<ul class=\"wp-block-list\">\n<li><a href=\"https:\/\/www.aepd.es\/es\/documento\/formulario-derecho-de-supresion.pdf\" target=\"_blank\" rel=\"noopener\">Access to the form for exercising the right of erasure<\/a>.<\/li>\n<\/ul>\n\n\n\n<ul class=\"wp-block-list\">\n<li><a href=\"https:\/\/www.aepd.es\/es\/documento\/formulario-derecho-de-oposicion.pdf\" target=\"_blank\" rel=\"noopener\">Access to the form for exercising the right of objection<\/a>.<\/li>\n<\/ul>\n\n\n\n<ul class=\"wp-block-list\">\n<li><a href=\"https:\/\/www.aepd.es\/es\/documento\/formulario-derecho-de-limitacion.pdf\" target=\"_blank\" rel=\"noopener\">Access to the form for exercising the right to limit the processing of personal data<\/a>.<\/li>\n<\/ul>\n\n\n\n<ul class=\"wp-block-list\">\n<li><a href=\"https:\/\/www.aepd.es\/es\/documento\/formulario-derecho-de-portabilidad.pdf\" target=\"_blank\" rel=\"noopener\">Access to the form for exercising the right of portability<\/a>.<\/li>\n<\/ul>\n\n\n\n<ul class=\"wp-block-list\">\n<li><a href=\"https:\/\/www.aepd.es\/es\/documento\/formulario-derecho-de-oposicion-decisiones-automatizadas.pdf\" target=\"_blank\" rel=\"noopener\">Access to the model for exercising the right not to be subject to automated individual decisions<\/a>.<\/li>\n<\/ul>\n\n\n\n<p>More information on the exercise of rights can be found on the official website of the Spanish Data Protection Agency (hereinafter, \u201cAEPD\u201d) at <a href=\"https:\/\/www.aepd.es\/es\/derechos-y-deberes\/conoce-tus-derechos\" target=\"_blank\" rel=\"noopener\">following link<\/a>.<\/p>\n\n\n\n<div class=\"wp-block-uagb-advanced-heading uagb-block-f8f92084\"><h2 class=\"uagb-heading-text\">8. Can I withdraw my consent?<\/h2><\/div>\n\n\n\n<p>You have the possibility and the right to withdraw consent for any specific purpose given at the time, without affecting the lawfulness of the processing based on consent prior to its withdrawal.<\/p>\n\n\n\n<div class=\"wp-block-uagb-advanced-heading uagb-block-ace418d1\"><h2 class=\"uagb-heading-text\">9. Where can I complain if I feel that my data is not being processed correctly?<\/h2><\/div>\n\n\n\n<p>If any data subject considers that their data is not being processed correctly by ASDT CORPORATION, S.L.U. or that requests to exercise their rights have not been dealt with satisfactorily, they may lodge a complaint with the corresponding data protection authority, the Spanish Data Protection Agency (AEPD) being the one indicated in Spain. More information on its website: <a href=\"http:\/\/www.aepd.es\" target=\"_blank\" rel=\"noopener\">www.aepd.es<\/a>.<\/p>\n\n\n\n<div class=\"wp-block-uagb-advanced-heading uagb-block-fb8ede2f\"><h2 class=\"uagb-heading-text\">10. Security and updating of your personal data.<\/h2><\/div>\n\n\n\n<p>In order to safeguard the security of your personal data, we inform you that we have adopted all the technical and organisational measures necessary to guarantee the security of the personal data supplied. All of this to avoid their alteration, loss and\/or unauthorised processing or access, as required by law, although absolute security does not exist.<\/p>\n\n\n\n<p>In order for us to keep your personal data up to date, it is important that you inform us whenever there is a change in your personal data.<\/p>\n\n\n\n<div class=\"wp-block-uagb-advanced-heading uagb-block-a6787baa\"><h2 class=\"uagb-heading-text\">11. Confidentiality.<\/h2><\/div>\n\n\n\n<p>ASDT CORPORATION, S.L.U. informs you that your data will be treated with the utmost care and confidentiality by all personnel involved in any of the processing stages. We will not pass on or communicate your details to any third party, except in the cases provided for by law, or unless the interested party has expressly authorised us to do so.<\/p>\n\n\n\n<p>Date and version: 17\/10\/2025 - Version 1<\/p>\n<\/div><\/div>","protected":false},"excerpt":{"rendered":"<p>Pol\u00edtica de privacidad Siguiendo los principios de licitud, lealtad y transparencia, ponemos a su disposici\u00f3n la presente Pol\u00edtica de Privacidad. 1. \u00bfQui\u00e9n es el responsable del tratamiento de sus datos? Responsable ASDT CORPORATION, S.L.U NIF B13800743 Domicilio social Pso. Castellana, NUM 123, ESC. DRCH, PISO 8, PTA. B, MADRID (28046), MADRID &#8211; ESPA\u00d1A Correo electr\u00f3nico [&hellip;]<\/p>\n","protected":false},"author":4,"featured_media":0,"parent":0,"menu_order":0,"comment_status":"closed","ping_status":"closed","template":"","meta":{"_uag_custom_page_level_css":"","site-sidebar-layout":"default","site-content-layout":"","ast-site-content-layout":"full-width-container","site-content-style":"default","site-sidebar-style":"default","ast-global-header-display":"","ast-banner-title-visibility":"","ast-main-header-display":"","ast-hfb-above-header-display":"","ast-hfb-below-header-display":"","ast-hfb-mobile-header-display":"","site-post-title":"disabled","ast-breadcrumbs-content":"","ast-featured-img":"","footer-sml-layout":"","ast-disable-related-posts":"","theme-transparent-header-meta":"","adv-header-id-meta":"","stick-header-meta":"","header-above-stick-meta":"","header-main-stick-meta":"","header-below-stick-meta":"","astra-migrate-meta-layouts":"set","ast-page-background-enabled":"default","ast-page-background-meta":{"desktop":{"background-color":"","background-image":"","background-repeat":"repeat","background-position":"center center","background-size":"auto","background-attachment":"scroll","background-type":"","background-media":"","overlay-type":"","overlay-color":"","overlay-opacity":"","overlay-gradient":""},"tablet":{"background-color":"","background-image":"","background-repeat":"repeat","background-position":"center center","background-size":"auto","background-attachment":"scroll","background-type":"","background-media":"","overlay-type":"","overlay-color":"","overlay-opacity":"","overlay-gradient":""},"mobile":{"background-color":"","background-image":"","background-repeat":"repeat","background-position":"center center","background-size":"auto","background-attachment":"scroll","background-type":"","background-media":"","overlay-type":"","overlay-color":"","overlay-opacity":"","overlay-gradient":""}},"ast-content-background-meta":{"desktop":{"background-color":"var(--ast-global-color-5)","background-image":"","background-repeat":"repeat","background-position":"center center","background-size":"auto","background-attachment":"scroll","background-type":"","background-media":"","overlay-type":"","overlay-color":"","overlay-opacity":"","overlay-gradient":""},"tablet":{"background-color":"var(--ast-global-color-5)","background-image":"","background-repeat":"repeat","background-position":"center center","background-size":"auto","background-attachment":"scroll","background-type":"","background-media":"","overlay-type":"","overlay-color":"","overlay-opacity":"","overlay-gradient":""},"mobile":{"background-color":"var(--ast-global-color-5)","background-image":"","background-repeat":"repeat","background-position":"center center","background-size":"auto","background-attachment":"scroll","background-type":"","background-media":"","overlay-type":"","overlay-color":"","overlay-opacity":"","overlay-gradient":""}},"_jet_sm_ready_style":"","_jet_sm_style":"","_jet_sm_controls_values":"","_jet_sm_fonts_collection":"","_jet_sm_fonts_links":"","footnotes":""},"class_list":["post-10085","page","type-page","status-publish","hentry"],"uagb_featured_image_src":{"full":false,"thumbnail":false,"medium":false,"medium_large":false,"large":false,"1536x1536":false,"2048x2048":false,"trp-custom-language-flag":false},"uagb_author_info":{"display_name":"marrods25","author_link":"https:\/\/asdt.eu\/en\/author\/marrods25\/"},"uagb_comment_info":0,"uagb_excerpt":"Pol\u00edtica de privacidad Siguiendo los principios de licitud, lealtad y transparencia, ponemos a su disposici\u00f3n la presente Pol\u00edtica de Privacidad. 1. \u00bfQui\u00e9n es el responsable del tratamiento de sus datos? Responsable ASDT CORPORATION, S.L.U NIF B13800743 Domicilio social Pso. Castellana, NUM 123, ESC. DRCH, PISO 8, PTA. B, MADRID (28046), MADRID &#8211; ESPA\u00d1A Correo electr\u00f3nico&hellip;","_links":{"self":[{"href":"https:\/\/asdt.eu\/en\/wp-json\/wp\/v2\/pages\/10085","targetHints":{"allow":["GET"]}}],"collection":[{"href":"https:\/\/asdt.eu\/en\/wp-json\/wp\/v2\/pages"}],"about":[{"href":"https:\/\/asdt.eu\/en\/wp-json\/wp\/v2\/types\/page"}],"author":[{"embeddable":true,"href":"https:\/\/asdt.eu\/en\/wp-json\/wp\/v2\/users\/4"}],"replies":[{"embeddable":true,"href":"https:\/\/asdt.eu\/en\/wp-json\/wp\/v2\/comments?post=10085"}],"version-history":[{"count":6,"href":"https:\/\/asdt.eu\/en\/wp-json\/wp\/v2\/pages\/10085\/revisions"}],"predecessor-version":[{"id":10091,"href":"https:\/\/asdt.eu\/en\/wp-json\/wp\/v2\/pages\/10085\/revisions\/10091"}],"wp:attachment":[{"href":"https:\/\/asdt.eu\/en\/wp-json\/wp\/v2\/media?parent=10085"}],"curies":[{"name":"wp","href":"https:\/\/api.w.org\/{rel}","templated":true}]}}