{"id":10072,"date":"2025-10-20T16:58:35","date_gmt":"2025-10-20T14:58:35","guid":{"rendered":"https:\/\/asdt.eu\/?page_id=10072"},"modified":"2025-10-23T08:38:41","modified_gmt":"2025-10-23T06:38:41","slug":"cookie-policy","status":"publish","type":"page","link":"https:\/\/asdt.eu\/en\/politica-cookies\/","title":{"rendered":"Cookies policy"},"content":{"rendered":"\n<div class=\"wp-block-uagb-container uagb-block-bbc785c8 alignfull uagb-is-root-container\">\n<div class=\"wp-block-uagb-advanced-heading uagb-block-de6971d8\"><h1 class=\"uagb-heading-text\">Pol\u00edtica de cookies<\/h1><\/div>\n<\/div>\n\n\n\n<div class=\"wp-block-uagb-container uagb-block-830d9ae4 alignfull uagb-is-root-container\"><div class=\"uagb-container-inner-blocks-wrap\">\n<div class=\"wp-block-uagb-advanced-heading uagb-block-9da1375d\"><h2 class=\"uagb-heading-text\">1. \u00bfQu\u00e9 son las cookies?<\/h2><\/div>\n\n\n\n<p>La p\u00e1gina web cuya propiedad y titularidad es de ASDT CORPORATION, S.L.U (en adelante \u201cla web\u201d o el \u201csitio web\u201d)utiliza cookies y\/o tecnolog\u00edas similares que almacenan y recuperan informaci\u00f3n cuando navegas. En general, estas tecnolog\u00edas pueden servir para finalidades muy diversas, como, por ejemplo, reconocerte como usuario, obtener informaci\u00f3n sobre tus h\u00e1bitos de navegaci\u00f3n, o personalizar la forma en que se muestra el contenido.<\/p>\n\n\n\n<p>El usuario podr\u00e1 configurar su navegador para que notifique y rechace la instalaci\u00f3n las cookies enviadas por la web, sin que ello perjudique la posibilidad de acceder a los contenidos de dicha web, pero la calidad de funcionamiento de la p\u00e1gina web puede disminuir.<\/p>\n\n\n\n<p>Los usos concretos que hacemos de estas tecnolog\u00edas se describen a continuaci\u00f3n.<\/p>\n\n\n\n<div class=\"wp-block-uagb-advanced-heading uagb-block-a9cf42ba\"><h2 class=\"uagb-heading-text\">2. \u00bfQu\u00e9 tipos de cookies existen?<\/h2><\/div>\n\n\n\n<p>Las Cookies, en funci\u00f3n de su <strong>Permanencia<\/strong>, pueden dividirse en:<\/p>\n\n\n\n<figure class=\"wp-block-table\"><table class=\"has-fixed-layout\"><tbody><tr><td><strong>&nbsp;<\/strong>Cookies de sesi\u00f3n<\/td><td>Son aquellas dise\u00f1adas para recabar y almacenar datos mientras el usuario accede a una p\u00e1gina web. Se suelen emplear para almacenar informaci\u00f3n que solo interesa conservar para la prestaci\u00f3n del servicio solicitado. Expiran cuando el usuario cierra el navegador.<\/td><\/tr><tr><td>Cookies persistentes<\/td><td>Son aquellas en las que los datos siguen almacenados en el terminal y pueden ser accedidos y tratados durante un periodo definido en funci\u00f3n de cuando se cumpla el objetivo para el que sirven (por ejemplo, para que el usuario se mantenga identificado en los Servicios) o bien cuando se borran manualmente.<\/td><\/tr><\/tbody><\/table><\/figure>\n\n\n\n<p>En funci\u00f3n de su <strong>Propietario, <\/strong>pueden dividirse en:<\/p>\n\n\n\n<figure class=\"wp-block-table\"><table class=\"has-fixed-layout\"><tbody><tr><td>Cookies propias<\/td><td>Son aquellas que se env\u00edan al equipo terminal del usuario desde un equipo o dominio gestionado por el propio editor y desde el que se presta el servicio solicitado por el usuario.<\/td><\/tr><tr><td>Cookies de terceros<\/td><td>Son aqu\u00e9llas que se env\u00edan al equipo terminal del usuario desde un equipo o dominio que no es gestionado por el editor, sino por otra entidad que trata los datos obtenidos trav\u00e9s de las cookies.<\/td><\/tr><\/tbody><\/table><\/figure>\n\n\n\n<p>Adicionalmente, en funci\u00f3n de su<strong> finalidad<\/strong>, las Cookies pueden clasificarse de la siguiente forma:<\/p>\n\n\n\n<figure class=\"wp-block-table\"><table class=\"has-fixed-layout\"><tbody><tr><td>Cookies t\u00e9cnicas<\/td><td>Son aquellas que permiten al usuario la navegaci\u00f3n a trav\u00e9s de una p\u00e1gina web, plataforma o aplicaci\u00f3n y la utilizaci\u00f3n de las diferentes opciones o servicios que en ella existan, incluyendo aquellas que el editor utiliza para permitir la gesti\u00f3n y operativa de la p\u00e1gina web y habilitar sus funciones y servicios como, por ejemplo, identificar la sesi\u00f3n o controlar el tr\u00e1fico y la comunicaci\u00f3n de datos.&nbsp;<\/td><\/tr><tr><td>Cookies de preferencias o personalizaci\u00f3n<\/td><td>Este tipo de Cookie recuerda sus preferencias para las herramientas que se encuentran en los servicios, por lo que no tiene que volver a configurar el servicio cada vez que usted visita. A modo de ejemplo, en esta tipolog\u00eda se incluyen:<br><br>&#8211; Ajustes de volumen de reproductores de v\u00eddeo o sonido.<br><br>&#8211; Las velocidades de transmisi\u00f3n de v\u00eddeo que sean compatibles con su navegador.<br><\/td><\/tr><\/tbody><\/table><\/figure>\n\n\n\n<figure class=\"wp-block-table\"><table class=\"has-fixed-layout\"><tbody><tr><td><em>Cookies <\/em>de Geo-localizaci\u00f3n<\/td><td>Estas Cookies son utilizadas para averiguar en qu\u00e9 pa\u00eds se encuentra cuando se solicita un servicio. Esta Cookie es totalmente an\u00f3nima, y solo se utiliza para ayudar a orientar el contenido a su ubicaci\u00f3n.<\/td><\/tr><\/tbody><\/table><\/figure>\n\n\n\n<figure class=\"wp-block-table\"><table class=\"has-fixed-layout\"><tbody><tr><td>Cookies de registro<\/td><td>Las Cookies de registro se generan una vez que el usuario se ha registrado o posteriormente ha abierto su sesi\u00f3n, y se utilizan para identificarle en los servicios con los siguientes objetivos:<br><br>&#8211; Mantener al usuario identificado de forma que, si cierra un servicio, el navegador o el ordenador y en otro momento u otro d\u00eda vuelve a entrar en dicho servicio, seguir\u00e1 identificado, facilitando as\u00ed su navegaci\u00f3n sin tener que volver a identificarse. Esta funcionalidad se puede suprimir si el usuario pulsa la funcionalidad \u201ccerrar sesi\u00f3n\u201d, de forma que esta Cookie se elimina y la pr\u00f3xima vez que entre en el servicio, el usuario tendr\u00e1 que iniciar sesi\u00f3n para estar identificado.<br><br>&#8211; Comprobar si el usuario est\u00e1 autorizado para acceder a ciertos servicios, por ejemplo, para participar en un concurso.<\/td><\/tr><\/tbody><\/table><\/figure>\n\n\n\n<figure class=\"wp-block-table\"><table class=\"has-fixed-layout\"><tbody><tr><td>Cookies de an\u00e1lisis o medici\u00f3n<\/td><td>Cada vez que un Usuario visita un servicio, una herramienta de un proveedor externo genera una Cookie anal\u00edtica en el ordenador del usuario. Esta Cookie que solo se genera en la visita, servir\u00e1 en pr\u00f3ximas visitas a los Servicios de la Web para identificar de forma an\u00f3nima al visitante. Los objetivos principales que se persiguen son:<br><br>&#8211; Permitir la identificaci\u00f3n an\u00f3nima de los usuarios navegantes a trav\u00e9s de la \u201cCookie\u201d (identifica navegadores y dispositivos, no personas) y por lo tanto la contabilizaci\u00f3n aproximada del n\u00famero de visitantes y su tendencia en el tiempo.<br><br>&#8211; Identificar de forma an\u00f3nima los contenidos m\u00e1s visitados y por lo tanto m\u00e1s atractivos para los usuarios.<br><br>&#8211; Saber si el usuario que est\u00e1 accediendo es nuevo o repite visita.<br><br><u>&#8211; Importante<\/u>: Salvo que el usuario decida registrarse en un servicio de la Web, la \u201cCookie\u201d nunca ir\u00e1 asociada a ning\u00fan dato de car\u00e1cter personal que pueda identificarle. Dichas Cookies solo ser\u00e1n utilizadas con prop\u00f3sitos estad\u00edsticos que ayuden a la optimizaci\u00f3n de la experiencia de los Usuarios en el sitio.<\/td><\/tr><\/tbody><\/table><\/figure>\n\n\n\n<figure class=\"wp-block-table\"><table class=\"has-fixed-layout\"><tbody><tr><td>Cookies de publicidad comportamental<\/td><td>Este tipo de \u201cCookies\u201d permite ampliar la informaci\u00f3n de los anuncios mostrados a cada usuario an\u00f3nimo en los Servicios de la Web. Entre otros, se almacena la duraci\u00f3n o frecuencia de visualizaci\u00f3n de posiciones publicitarias, la interacci\u00f3n con las mismas, o los patrones de navegaci\u00f3n y\/o compartimientos del usuario ya que ayudan a conformar un perfil de inter\u00e9s publicitario. De este modo, permiten ofrecer publicidad af\u00edn a los intereses del usuario.<\/td><\/tr><\/tbody><\/table><\/figure>\n\n\n\n<figure class=\"wp-block-table\"><table class=\"has-fixed-layout\"><tbody><tr><td>Cookies publicitarias de terceros<\/td><td>Adem\u00e1s de la publicidad gestionada por la Web en sus Servicios, la Web ofrece a sus anunciantes la opci\u00f3n de servir anuncios a trav\u00e9s de terceros (\u201cAdServers\u201d). De este modo, estos terceros pueden almacenar Cookies enviadas desde los Servicios de la Web procedentes de los navegadores de los Usuarios, as\u00ed como acceder a los datos que en ellas se guardan.<\/td><\/tr><\/tbody><\/table><\/figure>\n\n\n\n<div class=\"wp-block-uagb-advanced-heading uagb-block-aa58b2bc\"><h2 class=\"uagb-heading-text\">3. \u00bfQu\u00e9 cookies utilizamos?<\/h2><\/div>\n\n\n\n<p>Las cookies que utilizamos en nuestra p\u00e1gina web son:<\/p>\n\n\n\n<div class=\"wp-block-uagb-advanced-heading uagb-block-bbfd306b\"><h3 class=\"uagb-heading-text\">Propias<\/h3><\/div>\n\n\n\n<figure class=\"wp-block-table\"><table class=\"has-fixed-layout\"><thead><tr><th class=\"has-text-align-center\" data-align=\"center\">Nombre<\/th><th class=\"has-text-align-center\" data-align=\"center\">Tipolog\u00eda<\/th><th class=\"has-text-align-center\" data-align=\"center\">Dominio<\/th><th class=\"has-text-align-center\" data-align=\"center\">Caducidad<\/th><th class=\"has-text-align-center\" data-align=\"center\">Funci\u00f3n<\/th><\/tr><\/thead><tbody><tr><td class=\"has-text-align-center\" data-align=\"center\">moove_gdpr_popup<\/td><td class=\"has-text-align-center\" data-align=\"center\">T\u00e9cnica \/ necesaria<\/td><td class=\"has-text-align-center\" data-align=\"center\">asdt.com<\/td><td class=\"has-text-align-center\" data-align=\"center\">365 d\u00edas<\/td><td class=\"has-text-align-center\" data-align=\"center\">Guardar la preferencia de consentimiento (no re-mostrar banner)<\/td><\/tr><tr><td class=\"has-text-align-center\" data-align=\"center\">_ga<\/td><td class=\"has-text-align-center\" data-align=\"center\">Anal\u00edtica \/ medici\u00f3n<\/td><td class=\"has-text-align-center\" data-align=\"center\">asdt.com<\/td><td class=\"has-text-align-center\" data-align=\"center\">~2 a\u00f1os<\/td><td class=\"has-text-align-center\" data-align=\"center\">Distinguir usuarios de forma agregada (ID an\u00f3nimo)<\/td><\/tr><tr><td class=\"has-text-align-center\" data-align=\"center\"><em>ga<\/em>*<\/td><td class=\"has-text-align-center\" data-align=\"center\">Anal\u00edtica \/ medici\u00f3n<\/td><td class=\"has-text-align-center\" data-align=\"center\">asdt.com<\/td><td class=\"has-text-align-center\" data-align=\"center\">~1\u20132 a\u00f1os<\/td><td class=\"has-text-align-center\" data-align=\"center\">Par\u00e1metros de sesi\u00f3n\/atribuci\u00f3n en GA4 <a href=\"https:\/\/support.google.com\/analytics\/answer\/11397207?hl=en&amp;utm_source=chatgpt.com\" target=\"_blank\" rel=\"noreferrer noopener\"><\/a><\/td><\/tr><\/tbody><\/table><\/figure>\n\n\n\n<div class=\"wp-block-uagb-advanced-heading uagb-block-4db33672\"><h3 class=\"uagb-heading-text\">De terceros<\/h3><\/div>\n\n\n\n<figure class=\"wp-block-table\"><table class=\"has-fixed-layout\"><thead><tr><th class=\"has-text-align-center\" data-align=\"center\">Nombre<\/th><th class=\"has-text-align-center\" data-align=\"center\">Tipolog\u00eda<\/th><th class=\"has-text-align-center\" data-align=\"center\">Dominio<\/th><th class=\"has-text-align-center\" data-align=\"center\">Caducidad<\/th><th class=\"has-text-align-center\" data-align=\"center\">Funci\u00f3n<\/th><th class=\"has-text-align-center\" data-align=\"center\">M\u00e1s informaci\u00f3n<\/th><\/tr><\/thead><tbody><tr><td class=\"has-text-align-center\" data-align=\"center\">&#8211;<\/td><td class=\"has-text-align-center\" data-align=\"center\">&#8211;<\/td><td class=\"has-text-align-center\" data-align=\"center\">&#8211;<\/td><td class=\"has-text-align-center\" data-align=\"center\">&#8211;<\/td><td class=\"has-text-align-center\" data-align=\"center\">&#8211;<\/td><td class=\"has-text-align-center\" data-align=\"center\">&#8211;<\/td><\/tr><\/tbody><\/table><\/figure>\n\n\n\n<div class=\"wp-block-uagb-advanced-heading uagb-block-9745acfe\"><h2 class=\"uagb-heading-text\">4. \u00bfC\u00f3mo deshabilitar las cookies?<\/h2><\/div>\n\n\n\n<p>Normalmente es posible dejar de aceptar las Cookies del navegador, o dejar de aceptar las Cookies de un Servicio en particular.<\/p>\n\n\n\n<p>Todos los navegadores modernos permiten cambiar la configuraci\u00f3n de Cookies. Estos ajustes normalmente se encuentran en las \u00a8opciones\u00a8 o \u00a8preferencias\u00a8 del men\u00fa de su navegador. Asimismo, puede configurar su navegador o su gestor de correo electr\u00f3nico, as\u00ed como instalar complementos gratuitos para evitar que se descarguen los Web <em>Bugs<\/em> al abrir un email.<\/p>\n\n\n\n<p>La Web ofrece orientaci\u00f3n al Usuario sobre los pasos para acceder al men\u00fa de configuraci\u00f3n de las <em>cookies<\/em> y, en su caso, de la navegaci\u00f3n privada en cada uno de los navegadores principales:<\/p>\n\n\n\n<ul class=\"wp-block-list\">\n<li>Microsoft Edge \/ Internet Explorer: <a href=\"ttps:\/\/support.microsoft.com\/es-es\/windows\/eliminar-y-administrar-cookies-168dab11-0753-043d-7c16-ede5947fc64d#ie=ie-10\" target=\"_blank\" rel=\"noopener\">ttps:\/\/support.microsoft.com\/es-es\/windows\/eliminar-y-administrar-cookies-168dab11-0753-043d-7c16-<\/a><\/li>\n<\/ul>\n\n\n\n<ul class=\"wp-block-list\">\n<li>Google Chrome: &nbsp;<a href=\"https:\/\/support.google.com\/accounts\/answer\/61416?hl=es&amp;co=GENIE.Platform%3DDesktop\" target=\"_blank\" rel=\"noopener\">https:\/\/support.google.com\/accounts\/answer\/61416?hl=es&amp;co=GENIE.Platform%3DDesktop<\/a> <\/li>\n<\/ul>\n\n\n\n<ul class=\"wp-block-list\">\n<li>Mozilla Firefox: <a href=\"https:\/\/support.mozilla.org\/en-US\/kb\/block-websites-storing-cookies-site-data-firefox\" target=\"_blank\" rel=\"noopener\">https:\/\/support.mozilla.org\/en-US\/kb\/block-websites-storing-cookies-site-data-firefox<\/a><\/li>\n<\/ul>\n\n\n\n<p>Asimismo, el usuario puede modificar, configurar, y en su caso revocar el consentimiento otorgado para la instalaci\u00f3n de las cookies, utilizando el modal ubicado en la totalidad de las pesta\u00f1as de la p\u00e1gina web, y\/o haciendo clic en el siguiente [enlace modal].<\/p>\n\n\n\n<div class=\"wp-block-uagb-advanced-heading uagb-block-19508978\"><h2 class=\"uagb-heading-text\">5. Transferencias de datos a terceros pa\u00edses.<\/h2><\/div>\n\n\n\n<p>La instalaci\u00f3n de cookies descrita en el ep\u00edgrafe 3 de la presente pol\u00edtica de cookies puede conllevar la transferencia de datos a terceros pa\u00edses. En este sentido, las transferencias internacionales de datos suponen un flujo de datos personales desde el territorio espa\u00f1ol a destinatarios establecidos en pa\u00edses fuera del Espacio Econ\u00f3mico Europeo (los pa\u00edses de la Uni\u00f3n Europea m\u00e1s Liechtenstein, Islandia y Noruega). <\/p>\n\n\n\n<p>Por todo lo anterior, las transferencias internacionales de datos que realizamos en nuestra p\u00e1gina web son:<\/p>\n\n\n\n<div class=\"wp-block-uagb-advanced-heading uagb-block-54c5613c\"><h3 class=\"uagb-heading-text\">Transferencias internacionales de datos<\/h3><\/div>\n\n\n\n<figure class=\"wp-block-table\"><table class=\"has-fixed-layout\"><thead><tr><th class=\"has-text-align-center\" data-align=\"center\">Nombre<\/th><th class=\"has-text-align-center\" data-align=\"center\">Tipolog\u00eda<\/th><th class=\"has-text-align-center\" data-align=\"center\">Entidad<\/th><th class=\"has-text-align-center\" data-align=\"center\">Pa\u00eds<\/th><th class=\"has-text-align-center\" data-align=\"center\">Art\u00edculo RGPD<\/th><th class=\"has-text-align-center\" data-align=\"center\">M\u00e1s informaci\u00f3n<\/th><\/tr><\/thead><tbody><tr><td class=\"has-text-align-center\" data-align=\"center\">_gad, _gid, _ga<\/td><td class=\"has-text-align-center\" data-align=\"center\">Anal\u00edtica<\/td><td class=\"has-text-align-center\" data-align=\"center\">Google Inc.<\/td><td class=\"has-text-align-center\" data-align=\"center\">EE.UU.<\/td><td class=\"has-text-align-center\" data-align=\"center\">Decisi\u00f3n de adecuaci\u00f3n (art\u00edculo 45.1 del RGPD)<\/td><td class=\"has-text-align-center\" data-align=\"center\">Acceso a la adhesi\u00f3n de Google Inc al Data Privacy Framework: <a href=\"https:\/\/www.dataprivacyframework.gov\/s\/participant-search\/participant-detail?id=a2zt000000001L5AAI&amp;status=Active\" target=\"_blank\" rel=\"noopener\">aqu\u00ed<\/a>.<\/td><\/tr><\/tbody><\/table><\/figure>\n\n\n\n<p>Puedes informarte de las transferencias a terceros pa\u00edses que, en su caso, realizan los terceros identificados en esta pol\u00edtica de cookies en sus correspondientes pol\u00edticas (enlaces facilitados en el apartado de \u201cCookies de terceros\u201d)<\/p>\n\n\n\n<div class=\"wp-block-uagb-advanced-heading uagb-block-6bf43bca\"><h2 class=\"uagb-heading-text\">6. Derechos de los interesados.<\/h2><\/div>\n\n\n\n<p>Le recordamos que la normativa de protecci\u00f3n de datos, en los art\u00edculos 15 a 22 del RGPD, permite a los\/as interesados\/as ejercitar los derechos de acceso, rectificaci\u00f3n, supresi\u00f3n (\u00abderecho al olvido\u00bb), oposici\u00f3n, portabilidad, limitaci\u00f3n del tratamiento, y derecho de oposici\u00f3n a las decisiones automatizadas (incluyendo la elaboraci\u00f3n de perfiles). Puede ejercitarlos en nuestra direcci\u00f3n f\u00edsica ubicada en Pso. Castellana, NUM 123, ESC. DRCH, PISO 8, PTA. B, MADRID (28046), MADRID &#8211; ESPA\u00d1A, as\u00ed como en el correo electr\u00f3nico LOPD@ASDT.EU Puede obtener m\u00e1s informaci\u00f3n en nuestra <a href=\"https:\/\/asdt.eu\/politica-privacidad\/\" data-type=\"page\" data-id=\"10085\">pol\u00edtica de privacidad.<\/a><\/p>\n\n\n\n<div class=\"wp-block-uagb-advanced-heading uagb-block-93716b53\"><h2 class=\"uagb-heading-text\">7. Plazos de conservaci\u00f3n.<\/h2><\/div>\n\n\n\n<p>En cumplimiento del art\u00edculo 13.2.a) del RGPD, le informamos que las cookies ser\u00e1n instaladas durante un plazo concreto de tiempo. En este sentido, si el usuario desea consultar los plazos de conservaci\u00f3n y obtener m\u00e1s informaci\u00f3n sobre el presente punto, deber\u00e1 consultar la columna \u201ccaducidad\u201d del apartado \u201c3. \u00bfQu\u00e9 cookies utilizamos?\u201d.<\/p>\n\n\n\n<div class=\"wp-block-uagb-advanced-heading uagb-block-46fadc48\"><h2 class=\"uagb-heading-text\">8. \u00bfSe pueden producir modificaciones de la pol\u00edtica de cookies?<\/h2><\/div>\n\n\n\n<p>La ASDT CORPORATION, S.L.U puede modificar la presente Pol\u00edtica de Cookies en funci\u00f3n de las exigencias legislativas, reglamentarias, o con la finalidad de adaptar dicha pol\u00edtica a las instrucciones dictadas por las autoridades de control europeas y\/o nacionales (en nuestro caso, la Agencia Espa\u00f1ola de Protecci\u00f3n de Datos), por ello se aconseja a los usuarios que la visiten peri\u00f3dicamente.<\/p>\n\n\n\n<p>Cuando se produzcan cambios significativos en esta Pol\u00edtica de Cookies, se comunicar\u00e1n a los usuarios bien mediante la web.<\/p>\n\n\n\n<p>Finalmente podr\u00e1 consultar nuestra <a href=\"https:\/\/asdt.eu\/politica-privacidad\/\" data-type=\"page\" data-id=\"10085\">pol\u00edtica de privacidad<\/a>, para obtener informaci\u00f3n adicional (art\u00edculo 13 del RGPD) sobre los tratamientos de sus datos personales realizados por ASDT CORPORATION, S.L.U.<\/p>\n\n\n\n<p>Fecha y versi\u00f3n: 17\/10\/2025 \u00b7 Versi\u00f3n 1<\/p>\n\n\n\n<p><a id=\"_msocom_1\"><\/a><\/p>\n<\/div><\/div>\n","protected":false},"excerpt":{"rendered":"<p>Pol\u00edtica de cookies 1. \u00bfQu\u00e9 son las cookies? La p\u00e1gina web cuya propiedad y titularidad es de ASDT CORPORATION, S.L.U (en adelante \u201cla web\u201d o el \u201csitio web\u201d)utiliza cookies y\/o tecnolog\u00edas similares que almacenan y recuperan informaci\u00f3n cuando navegas. En general, estas tecnolog\u00edas pueden servir para finalidades muy diversas, como, por ejemplo, reconocerte como usuario, [&hellip;]<\/p>\n","protected":false},"author":4,"featured_media":0,"parent":0,"menu_order":0,"comment_status":"closed","ping_status":"closed","template":"","meta":{"_uag_custom_page_level_css":"","site-sidebar-layout":"default","site-content-layout":"","ast-site-content-layout":"full-width-container","site-content-style":"default","site-sidebar-style":"default","ast-global-header-display":"","ast-banner-title-visibility":"","ast-main-header-display":"","ast-hfb-above-header-display":"","ast-hfb-below-header-display":"","ast-hfb-mobile-header-display":"","site-post-title":"disabled","ast-breadcrumbs-content":"","ast-featured-img":"","footer-sml-layout":"","ast-disable-related-posts":"","theme-transparent-header-meta":"","adv-header-id-meta":"","stick-header-meta":"","header-above-stick-meta":"","header-main-stick-meta":"","header-below-stick-meta":"","astra-migrate-meta-layouts":"set","ast-page-background-enabled":"default","ast-page-background-meta":{"desktop":{"background-color":"","background-image":"","background-repeat":"repeat","background-position":"center center","background-size":"auto","background-attachment":"scroll","background-type":"","background-media":"","overlay-type":"","overlay-color":"","overlay-opacity":"","overlay-gradient":""},"tablet":{"background-color":"","background-image":"","background-repeat":"repeat","background-position":"center center","background-size":"auto","background-attachment":"scroll","background-type":"","background-media":"","overlay-type":"","overlay-color":"","overlay-opacity":"","overlay-gradient":""},"mobile":{"background-color":"","background-image":"","background-repeat":"repeat","background-position":"center center","background-size":"auto","background-attachment":"scroll","background-type":"","background-media":"","overlay-type":"","overlay-color":"","overlay-opacity":"","overlay-gradient":""}},"ast-content-background-meta":{"desktop":{"background-color":"var(--ast-global-color-5)","background-image":"","background-repeat":"repeat","background-position":"center center","background-size":"auto","background-attachment":"scroll","background-type":"","background-media":"","overlay-type":"","overlay-color":"","overlay-opacity":"","overlay-gradient":""},"tablet":{"background-color":"var(--ast-global-color-5)","background-image":"","background-repeat":"repeat","background-position":"center center","background-size":"auto","background-attachment":"scroll","background-type":"","background-media":"","overlay-type":"","overlay-color":"","overlay-opacity":"","overlay-gradient":""},"mobile":{"background-color":"var(--ast-global-color-5)","background-image":"","background-repeat":"repeat","background-position":"center center","background-size":"auto","background-attachment":"scroll","background-type":"","background-media":"","overlay-type":"","overlay-color":"","overlay-opacity":"","overlay-gradient":""}},"_jet_sm_ready_style":"","_jet_sm_style":"","_jet_sm_controls_values":"","_jet_sm_fonts_collection":"","_jet_sm_fonts_links":"","footnotes":""},"class_list":["post-10072","page","type-page","status-publish","hentry"],"uagb_featured_image_src":{"full":false,"thumbnail":false,"medium":false,"medium_large":false,"large":false,"1536x1536":false,"2048x2048":false,"trp-custom-language-flag":false},"uagb_author_info":{"display_name":"marrods25","author_link":"https:\/\/asdt.eu\/en\/author\/marrods25\/"},"uagb_comment_info":0,"uagb_excerpt":"Pol\u00edtica de cookies 1. \u00bfQu\u00e9 son las cookies? La p\u00e1gina web cuya propiedad y titularidad es de ASDT CORPORATION, S.L.U (en adelante \u201cla web\u201d o el \u201csitio web\u201d)utiliza cookies y\/o tecnolog\u00edas similares que almacenan y recuperan informaci\u00f3n cuando navegas. En general, estas tecnolog\u00edas pueden servir para finalidades muy diversas, como, por ejemplo, reconocerte como usuario,&hellip;","_links":{"self":[{"href":"https:\/\/asdt.eu\/en\/wp-json\/wp\/v2\/pages\/10072","targetHints":{"allow":["GET"]}}],"collection":[{"href":"https:\/\/asdt.eu\/en\/wp-json\/wp\/v2\/pages"}],"about":[{"href":"https:\/\/asdt.eu\/en\/wp-json\/wp\/v2\/types\/page"}],"author":[{"embeddable":true,"href":"https:\/\/asdt.eu\/en\/wp-json\/wp\/v2\/users\/4"}],"replies":[{"embeddable":true,"href":"https:\/\/asdt.eu\/en\/wp-json\/wp\/v2\/comments?post=10072"}],"version-history":[{"count":16,"href":"https:\/\/asdt.eu\/en\/wp-json\/wp\/v2\/pages\/10072\/revisions"}],"predecessor-version":[{"id":10254,"href":"https:\/\/asdt.eu\/en\/wp-json\/wp\/v2\/pages\/10072\/revisions\/10254"}],"wp:attachment":[{"href":"https:\/\/asdt.eu\/en\/wp-json\/wp\/v2\/media?parent=10072"}],"curies":[{"name":"wp","href":"https:\/\/api.w.org\/{rel}","templated":true}]}}