{"id":10085,"date":"2025-10-20T18:22:54","date_gmt":"2025-10-20T16:22:54","guid":{"rendered":"https:\/\/asdt.eu\/?page_id=10085"},"modified":"2025-10-20T18:22:55","modified_gmt":"2025-10-20T16:22:55","slug":"politica-privadesa","status":"publish","type":"page","link":"https:\/\/asdt.eu\/ca\/politica-privacidad\/","title":{"rendered":"Pol\u00edtica de privadesa"},"content":{"rendered":"<div class=\"wp-block-uagb-container uagb-block-bbc785c8 alignfull uagb-is-root-container\">\n<div class=\"wp-block-uagb-advanced-heading uagb-block-de6971d8\"><h1 class=\"uagb-heading-text\">Pol\u00edtica de privadesa<\/h1><\/div>\n<\/div>\n\n\n\n<div class=\"wp-block-uagb-container uagb-block-830d9ae4 alignfull uagb-is-root-container\"><div class=\"uagb-container-inner-blocks-wrap\">\n<p>Seguint els principis de licitud, lleialtat i transpar\u00e8ncia, posem a la vostra disposici\u00f3 aquesta Pol\u00edtica de Privadesa.<\/p>\n\n\n\n<div class=\"wp-block-uagb-advanced-heading uagb-block-1c2cbc1a\"><h2 class=\"uagb-heading-text\">1. Qui \u00e9s el responsable del tractament de les vostres dades?<\/h2><\/div>\n\n\n\n<figure class=\"wp-block-table\"><table class=\"has-fixed-layout\"><tbody><tr><td>Responsable<\/td><td><strong>ASDT CORPORATION, SLU<\/strong><\/td><\/tr><tr><td>NIF<\/td><td><strong>B13800743<\/strong><\/td><\/tr><tr><td>Domicili social<\/td><td><strong>Ps. Castellana, NUM 123, ESC. DRCH, PIS 8, PTA. B, MADRID (28046), MADRID \u2013 ESPANYA<\/strong><\/td><\/tr><tr><td>Correu electr\u00f2nic<\/td><td><strong>info@asdt.eu<\/strong><\/td><\/tr><tr><td>Tel\u00e8fon<\/td><td><strong>919 430 311<\/strong><\/td><\/tr><tr><td>Delegat de Protecci\u00f3 de dades<\/td><td><strong>LOPD@ASDT.EU<\/strong><\/td><\/tr><\/tbody><\/table><\/figure>\n\n\n\n<div class=\"wp-block-uagb-advanced-heading uagb-block-25bbe150\"><h2 class=\"uagb-heading-text\">2. Amb quina finalitat tractem les vostres dades personals?<\/h2><\/div>\n\n\n\n<p>A ASDT CORPORATION, SLU, depenent de la categoria d&#039;interessat de qu\u00e8 es tracti, tractem la informaci\u00f3 que ens facilita amb les finalitats seg\u00fcents:<\/p>\n\n\n\n<figure class=\"wp-block-table\"><table class=\"has-fixed-layout\"><thead><tr><th>Interessats<\/th><th>Finalitats del tractament<\/th><\/tr><\/thead><tbody><tr><td>Potencials clients<\/td><td>Gestionar la relaci\u00f3 comercial i\/o professional potencial, gestionar l&#039;enviament d&#039;informaci\u00f3 sol\u00b7licitada i\/o resoldre les consultes plantejades, facilitar ofertes dels nostres serveis i\/o productes del vostre inter\u00e8s.<\/td><\/tr><tr><td>Clients<\/td><td>Gestionar la relaci\u00f3 comercial i\/o professional, facilitar ofertes dels nostres serveis i\/o productes del vostre inter\u00e8s.<\/td><\/tr><tr><td>Prove\u00efdors<\/td><td>Gestionar la relaci\u00f3 comercial i\/o professional.<\/td><\/tr><tr><td>Candidats<\/td><td>Gestionar el proc\u00e9s de selecci\u00f3 de personal.<\/td><\/tr><tr><td>Usuaris web<\/td><td>Gestionar l&#039;an\u00e0lisi de les vostres dades de navegaci\u00f3<\/td><\/tr><\/tbody><\/table><\/figure>\n\n\n\n<div class=\"wp-block-uagb-advanced-heading uagb-block-d9e09e78\"><h2 class=\"uagb-heading-text\">3. Quina \u00e9s la legitimaci\u00f3 per al tractament de les vostres dades? &nbsp;<\/h2><\/div>\n\n\n\n<p>La base legal per al tractament de les vostres dades personals, depenent de la categoria d&#039;interessat de qu\u00e8 es tracti, pot ser:<\/p>\n\n\n\n<figure class=\"wp-block-table\"><table class=\"has-fixed-layout\"><thead><tr><th>Interessats<\/th><th>Base legitimaci\u00f3 (article 6 del RGPD)<\/th><\/tr><\/thead><tbody><tr><td>Potencials clients<\/td><td>Art. 6.1.b RGPD: aplicaci\u00f3, a petici\u00f3 de l&#039;interessat, de mesures precontractuals (pressupostos, fulls d&#039;enc\u00e0rrec, ofertes de serveis\u2026).<br>Art. 6.1.f RGPD: Inter\u00e8s leg\u00edtim (enviar informaci\u00f3 sol\u00b7licitada, respondre a les consultes plantejades\u2026).<br>Art. 6.1.a RGPD: consentiment del propi interessat (facilitar ofertes dels nostres serveis i\/o productes).<\/td><\/tr><tr><td>Clients<\/td><td>Art. 6.1.b RGPD: execuci\u00f3 d&#039;un contracte en qu\u00e8 l&#039;interessat \u00e9s part.<\/td><\/tr><tr><td>Prove\u00efdors<\/td><td>Art. 6.1.b RGPD: execuci\u00f3 d&#039;un contracte en qu\u00e8 l&#039;interessat \u00e9s part.<\/td><\/tr><tr><td>Candidats<\/td><td>Art. 6.1.a RGPD: consentiment del propi interessat.<\/td><\/tr><tr><td>Usuaris web<\/td><td>Art. 6.1.a RGPD: consentiment del propi interessat.<\/td><\/tr><\/tbody><\/table><\/figure>\n\n\n\n<p>Les dades que us sol\u00b7licitem s\u00f3n adequades, pertinents i estrictament necess\u00e0ries i en cap cas est\u00e0 obligat a facilitar-nos-les, per\u00f2 la seva no comunicaci\u00f3 podr\u00e0 afectar la finalitat del servei o la impossibilitat de prestar-lo.<\/p>\n\n\n\n<div class=\"wp-block-uagb-advanced-heading uagb-block-a82d9ff9\"><h2 class=\"uagb-heading-text\">4. Per quant de temps conservarem les vostres dades personals? &nbsp;<\/h2><\/div>\n\n\n\n<p>Les seves dades seran conservades el temps m\u00ednim necessari per a la correcta prestaci\u00f3 del servei ofert aix\u00ed com per atendre les responsabilitats que se&#039;n poguessin derivar i de qualsevol altra exig\u00e8ncia legal.<\/p>\n\n\n\n<div class=\"wp-block-uagb-advanced-heading uagb-block-fe5ebde6\"><h2 class=\"uagb-heading-text\">5. A quins destinataris es comunicaran les vostres dades? &nbsp;<\/h2><\/div>\n\n\n\n<p>ASDT CORPORATION, SL,U., per a una prestaci\u00f3 correcta dels serveis, podr\u00e0 comunicar les seves dades a tercers que ofereixin serveis jur\u00eddics, aix\u00ed com aquells necessaris per a la realitzaci\u00f3 d&#039;auditories.<\/p>\n\n\n\n<p>Addicionalment us informem que determinades dades, en virtut de la normativa vigent o de la relaci\u00f3 contractual que mantingui ASDT CORPORATION, SLU, podran ser comunicades a:<\/p>\n\n\n\n<ul class=\"wp-block-list\">\n<li>Els bancs i les entitats financeres per al cobrament dels serveis contractats i\/o productes comprats.<\/li>\n\n\n\n<li>Administracions p\u00fabliques amb compet\u00e8ncia als sectors de l&#039;activitat d&#039;ASDT CORPORATION, SL, quan aix\u00ed ho estableixi la normativa vigent.<\/li>\n<\/ul>\n\n\n\n<div class=\"wp-block-uagb-advanced-heading uagb-block-a515be3a\"><h2 class=\"uagb-heading-text\">6. S&#039;efectuen transfer\u00e8ncies internacionals de les dades?<\/h2><\/div>\n\n\n\n<p>ASDT CORPORATION, SLU podria fer des d&#039;aquest Lloc web transfer\u00e8ncies internacionals de dades derivades de l&#039;acceptaci\u00f3 de les cookies:<\/p>\n\n\n\n<p>Google Llc i Google Ireland Limited transfereixen dades als Estats Units en base al consentiment de l&#039;usuari en acceptar les galetes.<\/p>\n\n\n\n<p>En acceptar les cookies d&#039;aquestes entitats l&#039;usuari consent que les seves dades personals que es puguin demanar a trav\u00e9s de la c\u00e0rrega i lectura de les cookies siguin transferides als Estats Units, pa\u00eds on s&#039;ofereix un nivell de protecci\u00f3 equiparable a l&#039;europeu, nom\u00e9s en aquelles empreses nord-americanes incloses a la llista de privadesa de dades UE-EUA, en el conegut com \u201cData Privacy Framework\u201d. En cas que les empreses nord-americanes no estiguin adherides al DPF, s&#039;entendran que no garanteixen un nivell de protecci\u00f3 equiparable a l&#039;europeu.<\/p>\n\n\n\n<p>En cas que l&#039;usuari no consenti aquesta transfer\u00e8ncia internacional de dades als Estats Units haur\u00e0 de rebutjar aquestes galetes no prestant-se ni obtenint-se les funcionalitats o serveis que s&#039;ofereixen amb aquestes galetes.<\/p>\n\n\n\n<p>Pots informar-te de les transfer\u00e8ncies a tercers pa\u00efsos que, si escau, realitzen els tercers identificats a la pol\u00edtica de cookies en les seves pol\u00edtiques corresponents.<\/p>\n\n\n\n<p>Aix\u00ed mateix, ASDT CORPORATION, SLU realitzar transfer\u00e8ncies internacionals de dades en la mesura que utilitza els serveis de Google Llc i Microsoft LLC per a c\u00f2pies de seguretat i back up en cloud, ambdues entitats adherides a l&#039;esmentat DPF.<\/p>\n\n\n\n<div class=\"wp-block-uagb-advanced-heading uagb-block-b33a9c38\"><h2 class=\"uagb-heading-text\">7. Quins s\u00f3n els vostres drets quan ens facilita les vostres dades?<\/h2><\/div>\n\n\n\n<p>Els drets de protecci\u00f3 de dades que podran exercir les persones interessades, quan escaiguin, s\u00f3n:<\/p>\n\n\n\n<figure class=\"wp-block-table\"><table class=\"has-fixed-layout\"><thead><tr><th>Dret<\/th><th>En qu\u00e8 consisteix?<\/th><\/tr><\/thead><tbody><tr><td>Dret d&#039;acc\u00e9s<\/td><td>Sol\u00b7licitar que Responsable del Tractament no tracti les vostres dades personals per a algunes finalitats concretes. M\u00e9s informaci\u00f3, <a href=\"https:\/\/www.aepd.es\/es\/derechos-y-deberes\/conoce-tus-derechos\/derecho-de-oposicion\" target=\"_blank\" rel=\"noopener\">aqu\u00ed<\/a>.&nbsp;<\/td><\/tr><tr><td>Dret de rectificaci\u00f3<\/td><td>Sol\u00b7licitar que Responsable del Tractament no tracti les vostres dades personals per a algunes finalitats concretes. M\u00e9s informaci\u00f3, <a href=\"https:\/\/www.aepd.es\/es\/derechos-y-deberes\/conoce-tus-derechos\/derecho-de-oposicion\" target=\"_blank\" rel=\"noopener\">aqu\u00ed<\/a>.&nbsp;<\/td><\/tr><tr><td>Dret d&#039;oposici\u00f3<\/td><td>Sol\u00b7licitar que Responsable del Tractament no tracti les vostres dades personals per a algunes finalitats concretes. M\u00e9s informaci\u00f3, <a href=\"https:\/\/www.aepd.es\/es\/derechos-y-deberes\/conoce-tus-derechos\/derecho-de-oposicion\" target=\"_blank\" rel=\"noopener\">aqu\u00ed<\/a>.&nbsp;<\/td><\/tr><tr><td>Dret de supressi\u00f3<\/td><td>Sol\u00b7licitar que el Responsable del Tractament elimini les vostres dades personals. M\u00e9s informaci\u00f3, <a href=\"https:\/\/www.aepd.es\/es\/derechos-y-deberes\/conoce-tus-derechos\/derecho-de-supresion-al-olvido\" target=\"_blank\" rel=\"noopener\">aqu\u00ed<\/a>.<\/td><\/tr><tr><td>Dret de limitaci\u00f3<\/td><td>Sol\u00b7licitar que el Responsable del Tractament limiti el tractament de les vostres dades personals. M\u00e9s informaci\u00f3, <a href=\"https:\/\/www.aepd.es\/es\/derechos-y-deberes\/conoce-tus-derechos\/derecho-la-limitacion-del-tratamiento\" target=\"_blank\" rel=\"noopener\">aqu\u00ed<\/a>.<\/td><\/tr><tr><td>Dret de portabilitat<\/td><td>Quan el tractament s&#039;efectu\u00ef per mitjans automatitzats, rebis les dades personals en un format estructurat, d&#039;\u00fas com\u00fa, de lectura mec\u00e0nica i interoperable, i puguis transmetre&#039;ls a un altre responsable del tractament. M\u00e9s informaci\u00f3, <a href=\"https:\/\/www.aepd.es\/es\/derechos-y-deberes\/conoce-tus-derechos\/derecho-la-portabilidad\" target=\"_blank\" rel=\"noopener\">aqu\u00ed<\/a>.<\/td><\/tr><tr><td>Dret a no ser objecte de decisions individuals automatitzades.<\/td><td>Aquest dret pret\u00e9n garantir que no siguis objecte d&#039;una decisi\u00f3 basada \u00fanicament en el tractament de les teves dades, inclosa l&#039;elaboraci\u00f3 de perfils, que produeixi efectes jur\u00eddics sobre tu o t&#039;afecti significativament de manera similar. M\u00e9s informaci\u00f3, <a href=\"https:\/\/www.aepd.es\/es\/derechos-y-deberes\/conoce-tus-derechos\/derecho-no-ser-objeto-de-decisiones-individuales\" target=\"_blank\" rel=\"noopener\">aqu\u00ed<\/a>.<\/td><\/tr><tr><td>Dret a presentar una reclamaci\u00f3 davant de l&#039;autoritat competent<\/td><td>Interposar una reclamaci\u00f3 contra el Responsable del Tractament davant l&#039;Ag\u00e8ncia Espanyola de Protecci\u00f3 de Dades (AEPD) si l&#039;Usuari considera que l&#039;entitat ha tractat les dades personals infringint la normativa.<\/td><\/tr><\/tbody><\/table><\/figure>\n\n\n\n<p>Els\/les titulars de les dades personals obtingudes podran exercir els seus drets de protecci\u00f3 de dades personals dirigint una comunicaci\u00f3 per escrit al domicili social de l&#039;ASDT CORPORATION, SLU a Pso. Castellana, NUM 123, ESC. DRCH, PIS 8, PTA. B, MADRID (28046), MADRID \u2013 ESPANYA o al correu electr\u00f2nic habilitat a aquest efecte: LOPD@ASDT.EU.<\/p>\n\n\n\n<p>Podeu utilitzar els models seg\u00fcents per realitzar els vostres exercicis de drets:<\/p>\n\n\n\n<ul class=\"wp-block-list\">\n<li><a href=\"https:\/\/www.aepd.es\/es\/documento\/formulario-derecho-de-acceso.pdf\" target=\"_blank\" rel=\"noopener\">Acc\u00e9s al model per exercitar el dret d&#039;acc\u00e9s<\/a>.<\/li>\n<\/ul>\n\n\n\n<ul class=\"wp-block-list\">\n<li><a href=\"https:\/\/www.aepd.es\/es\/documento\/formulario-derecho-de-rectificacion.pdf\" target=\"_blank\" rel=\"noopener\">Acc\u00e9s al model per exercitar el dret de rectificaci\u00f3<\/a>.<\/li>\n<\/ul>\n\n\n\n<ul class=\"wp-block-list\">\n<li><a href=\"https:\/\/www.aepd.es\/es\/documento\/formulario-derecho-de-supresion.pdf\" target=\"_blank\" rel=\"noopener\">Acc\u00e9s al model per exercitar el dret de supressi\u00f3<\/a>.<\/li>\n<\/ul>\n\n\n\n<ul class=\"wp-block-list\">\n<li><a href=\"https:\/\/www.aepd.es\/es\/documento\/formulario-derecho-de-oposicion.pdf\" target=\"_blank\" rel=\"noopener\">Acc\u00e9s al model per exercitar el dret d&#039;oposici\u00f3<\/a>.<\/li>\n<\/ul>\n\n\n\n<ul class=\"wp-block-list\">\n<li><a href=\"https:\/\/www.aepd.es\/es\/documento\/formulario-derecho-de-limitacion.pdf\" target=\"_blank\" rel=\"noopener\">Acc\u00e9s al model per exercitar el dret de limitaci\u00f3 del tractament<\/a>.<\/li>\n<\/ul>\n\n\n\n<ul class=\"wp-block-list\">\n<li><a href=\"https:\/\/www.aepd.es\/es\/documento\/formulario-derecho-de-portabilidad.pdf\" target=\"_blank\" rel=\"noopener\">Acc\u00e9s al model per exercitar el dret de portabilitat<\/a>.<\/li>\n<\/ul>\n\n\n\n<ul class=\"wp-block-list\">\n<li><a href=\"https:\/\/www.aepd.es\/es\/documento\/formulario-derecho-de-oposicion-decisiones-automatizadas.pdf\" target=\"_blank\" rel=\"noopener\">Acc\u00e9s al model per exercitar el dret a no ser objecte de decisions individuals automatitzades<\/a>.<\/li>\n<\/ul>\n\n\n\n<p>M\u00e9s informaci\u00f3 sobre l&#039;exercici de drets a la p\u00e0gina oficial de l&#039;Ag\u00e8ncia Espanyola de Protecci\u00f3 de Dades (d&#039;ara endavant, \u201cAEPD\u201d), al <a href=\"https:\/\/www.aepd.es\/es\/derechos-y-deberes\/conoce-tus-derechos\" target=\"_blank\" rel=\"noopener\">seg\u00fcent enlla\u00e7<\/a>.<\/p>\n\n\n\n<div class=\"wp-block-uagb-advanced-heading uagb-block-f8f92084\"><h2 class=\"uagb-heading-text\">8. Puc retirar el consentiment?<\/h2><\/div>\n\n\n\n<p>Vost\u00e8 t\u00e9 la possibilitat i el dret a retirar el consentiment per a qualsevol finalitat espec\u00edfica atorgada al seu moment, sense que aix\u00f2 afecti la licitud del tractament basat en el consentiment previ a la seva retirada.<\/p>\n\n\n\n<div class=\"wp-block-uagb-advanced-heading uagb-block-ace418d1\"><h2 class=\"uagb-heading-text\">9. On puc reclamar en cas que consideri que no es tracten les meves dades correctament?<\/h2><\/div>\n\n\n\n<p>Si algun interessat considera que les vostres dades no s\u00f3n tractades correctament per ASDT CORPORATION, SLU o que les sol\u00b7licituds d&#039;exercici de drets no han estat ateses de forma satisfact\u00f2ria, podeu interposar una reclamaci\u00f3 davant de l&#039;autoritat de protecci\u00f3 de dades que correspongui, sent l&#039;Ag\u00e8ncia Espanyola de Protecci\u00f3 de Dades (AEPD) la indicada al territori nacional. M\u00e9s informaci\u00f3 a la seva p\u00e0gina web: <a href=\"http:\/\/www.aepd.es\" target=\"_blank\" rel=\"noopener\">www.aepd.es<\/a>.<\/p>\n\n\n\n<div class=\"wp-block-uagb-advanced-heading uagb-block-fb8ede2f\"><h2 class=\"uagb-heading-text\">10. Seguretat i actualitzaci\u00f3 de les vostres dades personals.<\/h2><\/div>\n\n\n\n<p>Amb l&#039;objectiu de salvaguardar la seguretat de les vostres dades personals, us informem que heu adoptat totes les mesures d&#039;\u00edndole t\u00e8cnica i organitzativa necess\u00e0ries per garantir la seguretat de les dades personals subministrades. Tot aix\u00f2 per evitar la seva alteraci\u00f3, p\u00e8rdua i\/o tractaments o accessos no autoritzats, tal com exigeix la normativa, si b\u00e9 la seguretat absoluta no existeix.<\/p>\n\n\n\n<p>\u00c9s important que, perqu\u00e8 puguem mantenir les vostres dades personals actualitzades, ens informeu sempre que se&#039;n produeixi una modificaci\u00f3.<\/p>\n\n\n\n<div class=\"wp-block-uagb-advanced-heading uagb-block-a6787baa\"><h2 class=\"uagb-heading-text\">11. Confidencialitat.<\/h2><\/div>\n\n\n\n<p>ASDT CORPORATION, SLU us informa que les vostres dades seran tractades amb el m\u00e0xim zel i confidencialitat per tot el personal que intervingui en qualsevol de les fases del tractament. No cedirem ni comunicarem a cap tercer les vostres dades, excepte en els casos legalment previstos, o llevat que l&#039;interessat ens hagu\u00e9s autoritzat expressament.<\/p>\n\n\n\n<p>Data i versi\u00f3: 17\/10\/2025 \u00b7 Versi\u00f3 1<\/p>\n<\/div><\/div>","protected":false},"excerpt":{"rendered":"<p>Pol\u00edtica de privacidad Siguiendo los principios de licitud, lealtad y transparencia, ponemos a su disposici\u00f3n la presente Pol\u00edtica de Privacidad. 1. \u00bfQui\u00e9n es el responsable del tratamiento de sus datos? Responsable ASDT CORPORATION, S.L.U NIF B13800743 Domicilio social Pso. Castellana, NUM 123, ESC. DRCH, PISO 8, PTA. B, MADRID (28046), MADRID &#8211; ESPA\u00d1A Correo electr\u00f3nico [&hellip;]<\/p>\n","protected":false},"author":4,"featured_media":0,"parent":0,"menu_order":0,"comment_status":"closed","ping_status":"closed","template":"","meta":{"_uag_custom_page_level_css":"","site-sidebar-layout":"default","site-content-layout":"","ast-site-content-layout":"full-width-container","site-content-style":"default","site-sidebar-style":"default","ast-global-header-display":"","ast-banner-title-visibility":"","ast-main-header-display":"","ast-hfb-above-header-display":"","ast-hfb-below-header-display":"","ast-hfb-mobile-header-display":"","site-post-title":"disabled","ast-breadcrumbs-content":"","ast-featured-img":"","footer-sml-layout":"","ast-disable-related-posts":"","theme-transparent-header-meta":"","adv-header-id-meta":"","stick-header-meta":"","header-above-stick-meta":"","header-main-stick-meta":"","header-below-stick-meta":"","astra-migrate-meta-layouts":"set","ast-page-background-enabled":"default","ast-page-background-meta":{"desktop":{"background-color":"","background-image":"","background-repeat":"repeat","background-position":"center center","background-size":"auto","background-attachment":"scroll","background-type":"","background-media":"","overlay-type":"","overlay-color":"","overlay-opacity":"","overlay-gradient":""},"tablet":{"background-color":"","background-image":"","background-repeat":"repeat","background-position":"center center","background-size":"auto","background-attachment":"scroll","background-type":"","background-media":"","overlay-type":"","overlay-color":"","overlay-opacity":"","overlay-gradient":""},"mobile":{"background-color":"","background-image":"","background-repeat":"repeat","background-position":"center center","background-size":"auto","background-attachment":"scroll","background-type":"","background-media":"","overlay-type":"","overlay-color":"","overlay-opacity":"","overlay-gradient":""}},"ast-content-background-meta":{"desktop":{"background-color":"var(--ast-global-color-5)","background-image":"","background-repeat":"repeat","background-position":"center center","background-size":"auto","background-attachment":"scroll","background-type":"","background-media":"","overlay-type":"","overlay-color":"","overlay-opacity":"","overlay-gradient":""},"tablet":{"background-color":"var(--ast-global-color-5)","background-image":"","background-repeat":"repeat","background-position":"center center","background-size":"auto","background-attachment":"scroll","background-type":"","background-media":"","overlay-type":"","overlay-color":"","overlay-opacity":"","overlay-gradient":""},"mobile":{"background-color":"var(--ast-global-color-5)","background-image":"","background-repeat":"repeat","background-position":"center center","background-size":"auto","background-attachment":"scroll","background-type":"","background-media":"","overlay-type":"","overlay-color":"","overlay-opacity":"","overlay-gradient":""}},"_jet_sm_ready_style":"","_jet_sm_style":"","_jet_sm_controls_values":"","_jet_sm_fonts_collection":"","_jet_sm_fonts_links":"","footnotes":""},"class_list":["post-10085","page","type-page","status-publish","hentry"],"uagb_featured_image_src":{"full":false,"thumbnail":false,"medium":false,"medium_large":false,"large":false,"1536x1536":false,"2048x2048":false,"trp-custom-language-flag":false},"uagb_author_info":{"display_name":"marrods25","author_link":"https:\/\/asdt.eu\/ca\/author\/marrods25\/"},"uagb_comment_info":0,"uagb_excerpt":"Pol\u00edtica de privacidad Siguiendo los principios de licitud, lealtad y transparencia, ponemos a su disposici\u00f3n la presente Pol\u00edtica de Privacidad. 1. \u00bfQui\u00e9n es el responsable del tratamiento de sus datos? Responsable ASDT CORPORATION, S.L.U NIF B13800743 Domicilio social Pso. Castellana, NUM 123, ESC. DRCH, PISO 8, PTA. B, MADRID (28046), MADRID &#8211; ESPA\u00d1A Correo electr\u00f3nico&hellip;","_links":{"self":[{"href":"https:\/\/asdt.eu\/ca\/wp-json\/wp\/v2\/pages\/10085","targetHints":{"allow":["GET"]}}],"collection":[{"href":"https:\/\/asdt.eu\/ca\/wp-json\/wp\/v2\/pages"}],"about":[{"href":"https:\/\/asdt.eu\/ca\/wp-json\/wp\/v2\/types\/page"}],"author":[{"embeddable":true,"href":"https:\/\/asdt.eu\/ca\/wp-json\/wp\/v2\/users\/4"}],"replies":[{"embeddable":true,"href":"https:\/\/asdt.eu\/ca\/wp-json\/wp\/v2\/comments?post=10085"}],"version-history":[{"count":6,"href":"https:\/\/asdt.eu\/ca\/wp-json\/wp\/v2\/pages\/10085\/revisions"}],"predecessor-version":[{"id":10091,"href":"https:\/\/asdt.eu\/ca\/wp-json\/wp\/v2\/pages\/10085\/revisions\/10091"}],"wp:attachment":[{"href":"https:\/\/asdt.eu\/ca\/wp-json\/wp\/v2\/media?parent=10085"}],"curies":[{"name":"wp","href":"https:\/\/api.w.org\/{rel}","templated":true}]}}