{"id":10049,"date":"2025-10-17T12:48:33","date_gmt":"2025-10-17T10:48:33","guid":{"rendered":"https:\/\/asdt.eu\/?page_id=10049"},"modified":"2025-10-20T17:55:48","modified_gmt":"2025-10-20T15:55:48","slug":"avis-legal","status":"publish","type":"page","link":"https:\/\/asdt.eu\/ca\/aviso-legal\/","title":{"rendered":"Av\u00eds legal"},"content":{"rendered":"<div class=\"wp-block-uagb-container uagb-block-bbc785c8 alignfull uagb-is-root-container\">\n<div class=\"wp-block-uagb-advanced-heading uagb-block-de6971d8\"><h1 class=\"uagb-heading-text\">Av\u00eds legal<\/h1><\/div>\n<\/div>\n\n\n\n<div class=\"wp-block-uagb-container uagb-block-830d9ae4 alignfull uagb-is-root-container\"><div class=\"uagb-container-inner-blocks-wrap\">\n<div class=\"wp-block-uagb-advanced-heading uagb-block-1c2cbc1a\"><h2 class=\"uagb-heading-text\">1. Introducci\u00f3.<\/h2><\/div>\n\n\n\n<p>Els presents TERMES I CONDICIONS D&#039;\u00daS DEL LLOC WEB, regulen els termes i condicions d&#039;acc\u00e9s i \u00fas de https:\/\/asdt.eu\/, d&#039;ara endavant el \u201c<strong>Lloc Web<\/strong>\u201d, propietat d&#039;ASDT CORPORATION, SLU, amb domicili en PSO. CASTELLANA, NUM 123, ESC. Lloc Web.<\/p>\n\n\n\n<p>L&#039;usuari, aix\u00ed com ASDT CORPORATION, SLU, propiet\u00e0ria del Lloc Web, podran ser anomenats conjuntament com les parts.<\/p>\n\n\n\n<p>El mer acc\u00e9s o utilitzaci\u00f3 del Lloc Web, de tots o part dels seus continguts i serveis significa la plena acceptaci\u00f3 de les condicions d&#039;\u00fas presents. La posada a disposici\u00f3 i \u00fas del Lloc Web s&#039;ent\u00e9n sotmesa a l&#039;estricte compliment dels termes recollits en les presents condicions d&#039;\u00fas del Lloc Web.<\/p>\n\n\n\n<div class=\"wp-block-uagb-advanced-heading uagb-block-5b1cd3a0\"><h2 class=\"uagb-heading-text\">2. Termes i condicions d\u00fas.<\/h2><\/div>\n\n\n\n<p>Els presents termes i condicions d&#039;\u00fas del Lloc Web, d&#039;ara endavant \u201c<strong>TERMES I CONDICIONS D&#039;\u00daS DEL LLOC WEB<\/strong>\u201d&quot; regulen l&#039; acc\u00e9s i la utilitzaci\u00f3 del Lloc Web , incloent - hi els continguts i els serveis posats a disposici\u00f3 dels usuaris en i \/ oa trav\u00e9s del Lloc Web , b\u00e9 per ASDT CORPORATION , SLU , b\u00e9 pels seus usuaris o per qualsevol tercer . No obstant aix\u00f2 , l&#039; acc\u00e9s i la utilitzaci\u00f3 de certs continguts i \/ o serveis es poden trobar sotmesos a determinades condicions espec\u00edfiques .<\/p>\n\n\n\n<div class=\"wp-block-uagb-advanced-heading uagb-block-f4c91bd9\"><h2 class=\"uagb-heading-text\">3. Modificacions.<\/h2><\/div>\n\n\n\n<p>ASDT CORPORATION, SLU es reserva la facultat de modificar en qualsevol moment aquests termes i condicions d&#039;\u00fas del lloc web. En tot cas, es recomana consultar-ne peri\u00f2dicament, ja que poden ser modificades.<\/p>\n\n\n\n<div class=\"wp-block-uagb-advanced-heading uagb-block-8c5b733d\"><h2 class=\"uagb-heading-text\">4. Informaci\u00f3 i serveis.<\/h2><\/div>\n\n\n\n<p>Els usuaris poden accedir a trav\u00e9s del Lloc Web a diferents tipus d&#039;informaci\u00f3 i serveis. ASDT CORPORATION, SLU es reserva la facultat de modificar, en qualsevol moment, i sense av\u00eds previ, la presentaci\u00f3 i configuraci\u00f3 de la informaci\u00f3 i serveis oferts des del Lloc Web. L&#039;usuari reconeix i accepta expressament que en qualsevol moment ASDT CORPORATION, SLU pugui interrompre, desactivar i cancel\u00b7lar qualsevol informaci\u00f3 o servei. ASDT CORPORATION, SLU far\u00e0 els millors esfor\u00e7os per intentar garantir la disponibilitat i accessibilitat a la web. Aix\u00f2 no obstant, de vegades, per raons de manteniment, actualitzaci\u00f3, canvi d&#039;ubicaci\u00f3, etc., podr\u00e0 suposar la interrupci\u00f3 de l&#039;acc\u00e9s al Lloc Web.<\/p>\n\n\n\n<div class=\"wp-block-uagb-advanced-heading uagb-block-7538ddca\"><h2 class=\"uagb-heading-text\">5. Disponibilitat de la informaci\u00f3 i serveis del lloc web.<\/h2><\/div>\n\n\n\n<p>ASDT CORPORATION, SLU no garanteix la disponibilitat cont\u00ednua i permanent dels serveis, quedant aix\u00ed exonerat de qualsevol responsabilitat per possibles danys i perjudicis causats com a conseq\u00fc\u00e8ncia de la manca de disponibilitat del servei per motius de for\u00e7a major o errors a les xarxes telem\u00e0tiques de transfer\u00e8ncia de dades, aliens a la seva voluntat, o per desconnexions realitzades per treballs de millora o manteniment dels.<\/p>\n\n\n\n<p>En aquests casos, ASDT CORPORATION, SLU far\u00e0 els seus millors esfor\u00e7os per tornar els serveis a la seva plena disponibilitat, aix\u00ed com, per notificar sobre la possible manca de disponibilitat dels mateixos. ASDT CORPORATION, SLU no ser\u00e0 responsable per la interrupci\u00f3, suspensi\u00f3 o finalitzaci\u00f3 de la informaci\u00f3 o serveis. Aix\u00ed mateix, no es responsabilitza de les possibles omissions, p\u00e8rdues d&#039;informaci\u00f3, dades, configuracions, accessos indeguts o vulneraci\u00f3 de la confidencialitat que tinguin origen en problemes t\u00e8cnics, de comunicacions o omissions humanes, causades per tercers o no imputables a ASDT CORPORATION, SLU Tampoc respondr\u00e0 dels danys produ\u00efts per atacs, sistemes de comunicacions o equips utilitzats per ASDT CORPORATION, SLU, per\u00f2 fabricats o facilitats per un tercer.<\/p>\n\n\n\n<p>ASDT CORPORATION, SLU podr\u00e0, a la seva sola discreci\u00f3, denegar, retirar, suspendre i\/o bloquejar en qualsevol moment i sense necessitat de previ av\u00eds l&#039;acc\u00e9s a la informaci\u00f3 i serveis a aquells usuaris que incompleixin aquestes normes.<\/p>\n\n\n\n<div class=\"wp-block-uagb-advanced-heading uagb-block-72580a96\"><h2 class=\"uagb-heading-text\">6. Responsabilitat del lloc web.<\/h2><\/div>\n\n\n\n<p>Exceptuant els casos que la Llei imposi expressament el contrari, i exclusivament amb la mesura i extensi\u00f3 en qu\u00e8 ho imposi, ASDT CORPORATION, SLU no garanteix ni assumeix cap responsabilitat respecte als possibles danys i perjudicis causats per l&#039;\u00fas i la utilitzaci\u00f3 de la informaci\u00f3, dades i serveis del Lloc Web.<\/p>\n\n\n\n<p>En tot cas, ASDT CORPORATION, SLU queda exclosa de qualsevol responsabilitat pels danys i perjudicis que puguin ser deguts a la informaci\u00f3 i\/o serveis prestats o subministrats per tercers diferents d&#039;ASDT CORPORATION, SLU Tota responsabilitat ser\u00e0 del tercer ja sigui prove\u00efdor o col\u00b7laborador.<\/p>\n\n\n\n<div class=\"wp-block-uagb-advanced-heading uagb-block-6d99454f\"><h2 class=\"uagb-heading-text\">7. Obligacions de lusuari.<\/h2><\/div>\n\n\n\n<p>L&#039;usuari haur\u00e0 de respectar en tot moment aquests termes i condicions d&#039;\u00fas del lloc web. De manera expressa, l&#039;usuari manifesta que utilitzar\u00e0 el Lloc Web de forma diligent i assumint qualsevol responsabilitat que pogu\u00e9s derivar-se de l&#039;incompliment de les normes.<\/p>\n\n\n\n<p>L&#039;usuari s&#039;obliga, en aquells casos que se li demanin dades o informaci\u00f3, a no falsejar la seva identitat fent-se passar per qualsevol altra persona. L&#039;usuari accepta que la utilitzaci\u00f3 del Lloc Web ser\u00e0 efectuada amb finalitats estrictament personals, privades i particulars. L&#039;usuari no podr\u00e0 utilitzar el Lloc Web per a activitats contr\u00e0ries a la Llei, la moral i l&#039;ordre p\u00fablic, aix\u00ed com per a finalitats prohibides o que vulnerin o lesionin drets de tercers.<\/p>\n\n\n\n<p>Aix\u00ed mateix, queda prohibida la difusi\u00f3, l&#039;emmagatzematge i\/o la gesti\u00f3 de dades o continguts que infringeixin drets de tercers o qualssevol normatives reguladores de drets de propietat intel\u00b7lectual o industrial.<\/p>\n\n\n\n<p>L&#039;usuari no podr\u00e0 utilitzar el Lloc Web per transmetre, emmagatzemar, divulgar promoure o distribuir dades o continguts que siguin portadors de virus o qualsevol altre codi inform\u00e0tic, fitxers o programes dissenyats per interrompre, destruir o perjudicar el funcionament de qualsevol programa o equip inform\u00e0tic o de telecomunicacions.<\/p>\n\n\n\n<p>L&#039;usuari s&#039;obliga a indemnitzar ia mantenir indemne ASDT CORPORATION, SLU per qualsevol dany, perjudici, sanci\u00f3, multa, pena o indemnitzaci\u00f3 que hagi de fer front ASDT CORPORATION, SLU com a conseq\u00fc\u00e8ncia de l&#039;incompliment per part de l&#039;usuari de les obligacions que cont\u00e9 aquest document.<\/p>\n\n\n\n<div class=\"wp-block-uagb-advanced-heading uagb-block-b647385b\"><h2 class=\"uagb-heading-text\">8. Dades de car\u00e0cter personal.<\/h2><\/div>\n\n\n\n<p>La informaci\u00f3 o dades personals que faciliti l&#039;usuari seran tractades d&#039;acord amb all\u00f2 establert a la Pol\u00edtica de Privadesa inclosa en aquest Lloc Web.<\/p>\n\n\n\n<div class=\"wp-block-uagb-advanced-heading uagb-block-3b383150\"><h2 class=\"uagb-heading-text\">9. Enlla\u00e7os a altres llocs web.<\/h2><\/div>\n\n\n\n<p>ASDT CORPORATION, SLU no garanteix ni assumeix cap tipus de responsabilitat pels danys i perjudicis soferts per l&#039;acc\u00e9s a Serveis de tercers a trav\u00e9s de connexions, enlla\u00e7os o links dels llocs enlla\u00e7ats ni sobre la seva exactitud o fiabilitat. La funci\u00f3 dels enlla\u00e7os que apareixen \u00e9s exclusivament informar el Client sobre l&#039;exist\u00e8ncia d&#039;altres fonts d&#039;informaci\u00f3 a Internet, on podr\u00e0 ampliar els Serveis oferts pel Portal. ASDT CORPORATION, SLU no ser\u00e0 en cap cas responsable del resultat obtingut a trav\u00e9s dels enlla\u00e7os esmentats o de les conseq\u00fc\u00e8ncies que es derivin de l&#039;acc\u00e9s pels Clients als mateixos. Aquests serveis de tercers s\u00f3n proporcionats per aquests, per la qual cosa ASDT CORPORATION, SLU no pot controlar i no controla la licitud dels serveis ni la seva qualitat. En conseq\u00fc\u00e8ncia, el Client ha d&#039;extremar la prud\u00e8ncia en la valoraci\u00f3 i la utilitzaci\u00f3 de la informaci\u00f3 i els serveis existents en els continguts de tercers.<\/p>\n\n\n\n<div class=\"wp-block-uagb-advanced-heading uagb-block-9c8a77af\"><h2 class=\"uagb-heading-text\">10. Propietat intel\u00b7lectual i industrial.<\/h2><\/div>\n\n\n\n<p class=\"has-ast-global-color-2-color has-text-color has-link-color wp-elements-a561ef708b3aacea4a5fbe7e9067e5cb\"><a>Tots els continguts, marques, logos, dibuixos, documentaci\u00f3, programes inform\u00e0tics o qualsevol altre element susceptible de protecci\u00f3 per la legislaci\u00f3 de propietat intel\u00b7lectual o industrial, que siguin accessibles al Lloc Web corresponen exclusivament a ASDT CORPORATION, SLU o als seus leg\u00edtims titulars i queden expressament reservats tots els drets sobre aquests. Queda expressament prohibida la creaci\u00f3 d&#039;enlla\u00e7os d&#039;hipertext (links) a qualsevol element integrant del Lloc Web sense l&#039;autoritzaci\u00f3 d&#039;ASDT CORPORATION, SLU, sempre que no siguin a un apartat del Lloc Web que no requereixi identificaci\u00f3 o autenticaci\u00f3 per accedir-hi, o estigui restringit.<\/a><\/p>\n\n\n\n<p>En qualsevol cas, ASDT CORPORATION, SLU es reserva tots els drets sobre els continguts, informaci\u00f3 dades i serveis que ostenti sobre aquests. ASDT CORPORATION, SLU no concedeix cap llic\u00e8ncia o autoritzaci\u00f3 d&#039;\u00fas a l&#039;usuari sobre els seus continguts, dades o serveis, diferent de la que expressament es detalli en aquests termes i condicions d&#039;\u00fas del lloc web.<\/p>\n\n\n\n<div class=\"wp-block-uagb-advanced-heading uagb-block-34ac45c9\"><h2 class=\"uagb-heading-text\">11. Legislaci\u00f3 aplicable, jurisdicci\u00f3 competent i notificacions.<\/h2><\/div>\n\n\n\n<p>Aquests termes i les condicions d&#039;\u00fas del lloc web es regeixen i s&#039;interpreten d&#039;acord amb les lleis d&#039;Espanya. Per a qualsevol reclamaci\u00f3 seran competents els jutjats i els tribunals del territori espanyol. Totes les notificacions, requeriments, peticions i altres comunicacions que l&#039;Usuari vulgui efectuar a ASDT CORPORATION, SLU titular del present Lloc Web, s&#039;hauran de fer per escrit i s&#039;entendr\u00e0 que han estat correctament realitzades quan hagin estat rebudes a l&#039;adre\u00e7a seg\u00fcent info@asdt.eu.<\/p>\n\n\n\n<p>Data i versi\u00f3: 17\/10\/2025 \u00b7 Versi\u00f3 1<\/p>\n<\/div><\/div>","protected":false},"excerpt":{"rendered":"<p>Aviso legal 1. Introducci\u00f3n. Los presentes TERMINOS Y CONDICIONES DE USO DEL SITIO WEB, regulan los t\u00e9rminos y condiciones de acceso y uso de https:\/\/asdt.eu\/, en adelante el \u201cSitio Web\u201d, propiedad de ASDT CORPORATION, S.L.U, con domicilio en PSO. CASTELLANA, NUM 123, ESC. DRCH, PISO 8, PTA. B, MADRID (28046), MADRID &#8211; ESPA\u00d1A y con [&hellip;]<\/p>\n","protected":false},"author":4,"featured_media":0,"parent":0,"menu_order":0,"comment_status":"closed","ping_status":"closed","template":"","meta":{"_uag_custom_page_level_css":"","site-sidebar-layout":"default","site-content-layout":"","ast-site-content-layout":"full-width-container","site-content-style":"default","site-sidebar-style":"default","ast-global-header-display":"","ast-banner-title-visibility":"","ast-main-header-display":"","ast-hfb-above-header-display":"","ast-hfb-below-header-display":"","ast-hfb-mobile-header-display":"","site-post-title":"disabled","ast-breadcrumbs-content":"","ast-featured-img":"","footer-sml-layout":"","ast-disable-related-posts":"","theme-transparent-header-meta":"","adv-header-id-meta":"","stick-header-meta":"","header-above-stick-meta":"","header-main-stick-meta":"","header-below-stick-meta":"","astra-migrate-meta-layouts":"set","ast-page-background-enabled":"default","ast-page-background-meta":{"desktop":{"background-color":"","background-image":"","background-repeat":"repeat","background-position":"center center","background-size":"auto","background-attachment":"scroll","background-type":"","background-media":"","overlay-type":"","overlay-color":"","overlay-opacity":"","overlay-gradient":""},"tablet":{"background-color":"","background-image":"","background-repeat":"repeat","background-position":"center center","background-size":"auto","background-attachment":"scroll","background-type":"","background-media":"","overlay-type":"","overlay-color":"","overlay-opacity":"","overlay-gradient":""},"mobile":{"background-color":"","background-image":"","background-repeat":"repeat","background-position":"center center","background-size":"auto","background-attachment":"scroll","background-type":"","background-media":"","overlay-type":"","overlay-color":"","overlay-opacity":"","overlay-gradient":""}},"ast-content-background-meta":{"desktop":{"background-color":"var(--ast-global-color-5)","background-image":"","background-repeat":"repeat","background-position":"center center","background-size":"auto","background-attachment":"scroll","background-type":"","background-media":"","overlay-type":"","overlay-color":"","overlay-opacity":"","overlay-gradient":""},"tablet":{"background-color":"var(--ast-global-color-5)","background-image":"","background-repeat":"repeat","background-position":"center center","background-size":"auto","background-attachment":"scroll","background-type":"","background-media":"","overlay-type":"","overlay-color":"","overlay-opacity":"","overlay-gradient":""},"mobile":{"background-color":"var(--ast-global-color-5)","background-image":"","background-repeat":"repeat","background-position":"center center","background-size":"auto","background-attachment":"scroll","background-type":"","background-media":"","overlay-type":"","overlay-color":"","overlay-opacity":"","overlay-gradient":""}},"_jet_sm_ready_style":"","_jet_sm_style":"","_jet_sm_controls_values":"","_jet_sm_fonts_collection":"","_jet_sm_fonts_links":"","footnotes":""},"class_list":["post-10049","page","type-page","status-publish","hentry"],"uagb_featured_image_src":{"full":false,"thumbnail":false,"medium":false,"medium_large":false,"large":false,"1536x1536":false,"2048x2048":false,"trp-custom-language-flag":false},"uagb_author_info":{"display_name":"marrods25","author_link":"https:\/\/asdt.eu\/ca\/author\/marrods25\/"},"uagb_comment_info":0,"uagb_excerpt":"Aviso legal 1. Introducci\u00f3n. Los presentes TERMINOS Y CONDICIONES DE USO DEL SITIO WEB, regulan los t\u00e9rminos y condiciones de acceso y uso de https:\/\/asdt.eu\/, en adelante el \u201cSitio Web\u201d, propiedad de ASDT CORPORATION, S.L.U, con domicilio en PSO. CASTELLANA, NUM 123, ESC. DRCH, PISO 8, PTA. B, MADRID (28046), MADRID &#8211; ESPA\u00d1A y con&hellip;","_links":{"self":[{"href":"https:\/\/asdt.eu\/ca\/wp-json\/wp\/v2\/pages\/10049","targetHints":{"allow":["GET"]}}],"collection":[{"href":"https:\/\/asdt.eu\/ca\/wp-json\/wp\/v2\/pages"}],"about":[{"href":"https:\/\/asdt.eu\/ca\/wp-json\/wp\/v2\/types\/page"}],"author":[{"embeddable":true,"href":"https:\/\/asdt.eu\/ca\/wp-json\/wp\/v2\/users\/4"}],"replies":[{"embeddable":true,"href":"https:\/\/asdt.eu\/ca\/wp-json\/wp\/v2\/comments?post=10049"}],"version-history":[{"count":16,"href":"https:\/\/asdt.eu\/ca\/wp-json\/wp\/v2\/pages\/10049\/revisions"}],"predecessor-version":[{"id":10083,"href":"https:\/\/asdt.eu\/ca\/wp-json\/wp\/v2\/pages\/10049\/revisions\/10083"}],"wp:attachment":[{"href":"https:\/\/asdt.eu\/ca\/wp-json\/wp\/v2\/media?parent=10049"}],"curies":[{"name":"wp","href":"https:\/\/api.w.org\/{rel}","templated":true}]}}